{"id":4396,"date":"2023-11-15T21:58:40","date_gmt":"2023-11-15T21:58:40","guid":{"rendered":"http:\/\/eltiosam.com.mx\/index.php\/product\/tarja-teka-be-79-43-tu-31-19\/"},"modified":"2024-02-27T19:26:22","modified_gmt":"2024-02-27T19:26:22","slug":"tarja-teka-be-79-43-tu-31-19","status":"publish","type":"product","link":"https:\/\/eltiosam.com.mx\/index.php\/product\/tarja-teka-be-79-43-tu-31-19\/","title":{"rendered":"TARJA TEKA BE 79.43 (TU 31.19)"},"content":{"rendered":"<h3>Descripci\u00f3n:<\/h3>\n<ul>\n<li><strong>Agua siempre libre y limpia de impurezas:<\/strong> Incorpora un sistema de filtrado que regenera hasta un 95% del olor y sabor del agua, neutralizando cloro e impurezas org\u00e1nicas.<\/li>\n<li><strong>Grifos extra\u00edbles y flexibles:<\/strong> Los ca\u00f1os giratorios extra\u00edbles se adaptan para limpiar utensilios de gran tama\u00f1o y facilitar el llenado de recipientes.<\/li>\n<li><strong>Limpieza f\u00e1cil:<\/strong> Acabados en acero inoxidable para una limpieza sencilla con una bayeta.<\/li>\n<\/ul>\n","protected":false},"excerpt":{"rendered":"<p>Descripci\u00f3n: Agua siempre libre y limpia de impurezas: Incorpora un sistema de filtrado que regenera hasta un 95% del olor y sabor del agua, neutralizando cloro e impurezas org\u00e1nicas. Grifos extra\u00edbles y flexibles: Los ca\u00f1os giratorios extra\u00edbles se adaptan para limpiar utensilios de gran tama\u00f1o y facilitar el llenado de recipientes. Limpieza f\u00e1cil: Acabados en [&hellip;]<\/p>\n","protected":false},"featured_media":5305,"template":"","meta":{"_joinchat":[]},"product_brand":[],"product_cat":[161,47,201,42],"product_tag":[106],"class_list":{"0":"post-4396","1":"product","2":"type-product","3":"status-publish","4":"has-post-thumbnail","6":"product_cat-best-selling-products","7":"product_cat-tarjas","8":"product_cat-tarjas-de-submontar","9":"product_cat-varios","10":"product_tag-teka","12":"first","13":"outofstock","14":"shipping-taxable","15":"purchasable","16":"product-type-simple"},"_links":{"self":[{"href":"https:\/\/eltiosam.com.mx\/index.php\/wp-json\/wp\/v2\/product\/4396","targetHints":{"allow":["GET"]}}],"collection":[{"href":"https:\/\/eltiosam.com.mx\/index.php\/wp-json\/wp\/v2\/product"}],"about":[{"href":"https:\/\/eltiosam.com.mx\/index.php\/wp-json\/wp\/v2\/types\/product"}],"wp:featuredmedia":[{"embeddable":true,"href":"https:\/\/eltiosam.com.mx\/index.php\/wp-json\/wp\/v2\/media\/5305"}],"wp:attachment":[{"href":"https:\/\/eltiosam.com.mx\/index.php\/wp-json\/wp\/v2\/media?parent=4396"}],"wp:term":[{"taxonomy":"product_brand","embeddable":true,"href":"https:\/\/eltiosam.com.mx\/index.php\/wp-json\/wp\/v2\/product_brand?post=4396"},{"taxonomy":"product_cat","embeddable":true,"href":"https:\/\/eltiosam.com.mx\/index.php\/wp-json\/wp\/v2\/product_cat?post=4396"},{"taxonomy":"product_tag","embeddable":true,"href":"https:\/\/eltiosam.com.mx\/index.php\/wp-json\/wp\/v2\/product_tag?post=4396"}],"curies":[{"name":"wp","href":"https:\/\/api.w.org\/{rel}","templated":true}]}}