{"id":4384,"date":"2023-11-15T21:58:35","date_gmt":"2023-11-15T21:58:35","guid":{"rendered":"http:\/\/eltiosam.com.mx\/index.php\/product\/tarja-teka-be-42-40-16\/"},"modified":"2024-02-27T19:17:31","modified_gmt":"2024-02-27T19:17:31","slug":"tarja-teka-be-42-40-16","status":"publish","type":"product","link":"https:\/\/eltiosam.com.mx\/index.php\/product\/tarja-teka-be-42-40-16\/","title":{"rendered":"TARJA TEKA BE 42.40.16"},"content":{"rendered":"<h3>Descripci\u00f3n:<\/h3>\n<p>La Tarja Teka BE 42.40.16 destaca por su acabado pulido, dise\u00f1o elegante y la promesa de durabilidad respaldada por la garant\u00eda de por vida. Su instalaci\u00f3n vers\u00e1til y las caracter\u00edsticas adicionales hacen de esta tarja una elecci\u00f3n funcional y est\u00e9ticamente atractiva para tu cocina.<\/p>\n","protected":false},"excerpt":{"rendered":"<p>Descripci\u00f3n: La Tarja Teka BE 42.40.16 destaca por su acabado pulido, dise\u00f1o elegante y la promesa de durabilidad respaldada por la garant\u00eda de por vida. Su instalaci\u00f3n vers\u00e1til y las caracter\u00edsticas adicionales hacen de esta tarja una elecci\u00f3n funcional y est\u00e9ticamente atractiva para tu cocina.<\/p>\n","protected":false},"featured_media":5301,"template":"","meta":{"_joinchat":[]},"product_brand":[],"product_cat":[161,47,201,42],"product_tag":[106],"class_list":{"0":"post-4384","1":"product","2":"type-product","3":"status-publish","4":"has-post-thumbnail","6":"product_cat-best-selling-products","7":"product_cat-tarjas","8":"product_cat-tarjas-de-submontar","9":"product_cat-varios","10":"product_tag-teka","12":"first","13":"outofstock","14":"shipping-taxable","15":"purchasable","16":"product-type-simple"},"_links":{"self":[{"href":"https:\/\/eltiosam.com.mx\/index.php\/wp-json\/wp\/v2\/product\/4384","targetHints":{"allow":["GET"]}}],"collection":[{"href":"https:\/\/eltiosam.com.mx\/index.php\/wp-json\/wp\/v2\/product"}],"about":[{"href":"https:\/\/eltiosam.com.mx\/index.php\/wp-json\/wp\/v2\/types\/product"}],"wp:featuredmedia":[{"embeddable":true,"href":"https:\/\/eltiosam.com.mx\/index.php\/wp-json\/wp\/v2\/media\/5301"}],"wp:attachment":[{"href":"https:\/\/eltiosam.com.mx\/index.php\/wp-json\/wp\/v2\/media?parent=4384"}],"wp:term":[{"taxonomy":"product_brand","embeddable":true,"href":"https:\/\/eltiosam.com.mx\/index.php\/wp-json\/wp\/v2\/product_brand?post=4384"},{"taxonomy":"product_cat","embeddable":true,"href":"https:\/\/eltiosam.com.mx\/index.php\/wp-json\/wp\/v2\/product_cat?post=4384"},{"taxonomy":"product_tag","embeddable":true,"href":"https:\/\/eltiosam.com.mx\/index.php\/wp-json\/wp\/v2\/product_tag?post=4384"}],"curies":[{"name":"wp","href":"https:\/\/api.w.org\/{rel}","templated":true}]}}