{"id":4381,"date":"2023-11-15T21:58:32","date_gmt":"2023-11-15T21:58:32","guid":{"rendered":"http:\/\/eltiosam.com.mx\/index.php\/product\/tarja-teka-be-2c-845-tu-33-18\/"},"modified":"2024-02-27T19:12:31","modified_gmt":"2024-02-27T19:12:31","slug":"tarja-teka-be-2c-845-tu-33-18","status":"publish","type":"product","link":"https:\/\/eltiosam.com.mx\/index.php\/product\/tarja-teka-be-2c-845-tu-33-18\/","title":{"rendered":"TARJA TEKA BE 2C 845 (TU 33.18)"},"content":{"rendered":"<h3>Descripci\u00f3n:<\/h3>\n<ul>\n<li>La serie Tekaway ofrece diferentes opciones de instalaci\u00f3n: Dual Mount, Submontar, Empotre y Serie Teka.<\/li>\n<li>Garant\u00eda de por vida que demuestra la calidad y durabilidad del producto.<\/li>\n<li>Tecnolog\u00eda Silent Smart con almohadillas de amortiguaci\u00f3n de sonido para reducir el ruido del agua y el rebote de los utensilios.<\/li>\n<\/ul>\n","protected":false},"excerpt":{"rendered":"<p>Descripci\u00f3n: La serie Tekaway ofrece diferentes opciones de instalaci\u00f3n: Dual Mount, Submontar, Empotre y Serie Teka. Garant\u00eda de por vida que demuestra la calidad y durabilidad del producto. Tecnolog\u00eda Silent Smart con almohadillas de amortiguaci\u00f3n de sonido para reducir el ruido del agua y el rebote de los utensilios.<\/p>\n","protected":false},"featured_media":5297,"template":"","meta":{"_joinchat":[]},"product_brand":[],"product_cat":[161,47,201,42],"product_tag":[106],"class_list":{"0":"post-4381","1":"product","2":"type-product","3":"status-publish","4":"has-post-thumbnail","6":"product_cat-best-selling-products","7":"product_cat-tarjas","8":"product_cat-tarjas-de-submontar","9":"product_cat-varios","10":"product_tag-teka","12":"first","13":"outofstock","14":"shipping-taxable","15":"purchasable","16":"product-type-simple"},"_links":{"self":[{"href":"https:\/\/eltiosam.com.mx\/index.php\/wp-json\/wp\/v2\/product\/4381","targetHints":{"allow":["GET"]}}],"collection":[{"href":"https:\/\/eltiosam.com.mx\/index.php\/wp-json\/wp\/v2\/product"}],"about":[{"href":"https:\/\/eltiosam.com.mx\/index.php\/wp-json\/wp\/v2\/types\/product"}],"wp:featuredmedia":[{"embeddable":true,"href":"https:\/\/eltiosam.com.mx\/index.php\/wp-json\/wp\/v2\/media\/5297"}],"wp:attachment":[{"href":"https:\/\/eltiosam.com.mx\/index.php\/wp-json\/wp\/v2\/media?parent=4381"}],"wp:term":[{"taxonomy":"product_brand","embeddable":true,"href":"https:\/\/eltiosam.com.mx\/index.php\/wp-json\/wp\/v2\/product_brand?post=4381"},{"taxonomy":"product_cat","embeddable":true,"href":"https:\/\/eltiosam.com.mx\/index.php\/wp-json\/wp\/v2\/product_cat?post=4381"},{"taxonomy":"product_tag","embeddable":true,"href":"https:\/\/eltiosam.com.mx\/index.php\/wp-json\/wp\/v2\/product_tag?post=4381"}],"curies":[{"name":"wp","href":"https:\/\/api.w.org\/{rel}","templated":true}]}}