{"id":4368,"date":"2023-11-15T21:58:28","date_gmt":"2023-11-15T21:58:28","guid":{"rendered":"http:\/\/eltiosam.com.mx\/index.php\/product\/tarja-teka-be-2c-780-tu-30-18\/"},"modified":"2024-02-27T19:13:11","modified_gmt":"2024-02-27T19:13:11","slug":"tarja-teka-be-2c-780-tu-30-18","status":"publish","type":"product","link":"https:\/\/eltiosam.com.mx\/index.php\/product\/tarja-teka-be-2c-780-tu-30-18\/","title":{"rendered":"TARJA TEKA BE 2C 780 (TU 30.18)"},"content":{"rendered":"<h3>Descripci\u00f3n:<\/h3>\n<p>La Tarja Teka BE 2C 780 (TU 30.18) destaca por su dise\u00f1o elegante, materiales de alta calidad y tecnolog\u00eda que reduce el ruido. Con dos cubetas y garant\u00eda de por vida, es una opci\u00f3n duradera y est\u00e9ticamente agradable para tu cocina.<\/p>\n","protected":false},"excerpt":{"rendered":"<p>Descripci\u00f3n: La Tarja Teka BE 2C 780 (TU 30.18) destaca por su dise\u00f1o elegante, materiales de alta calidad y tecnolog\u00eda que reduce el ruido. Con dos cubetas y garant\u00eda de por vida, es una opci\u00f3n duradera y est\u00e9ticamente agradable para tu cocina.<\/p>\n","protected":false},"featured_media":5295,"template":"","meta":{"_joinchat":[]},"product_brand":[],"product_cat":[161,47,201,42],"product_tag":[106],"class_list":{"0":"post-4368","1":"product","2":"type-product","3":"status-publish","4":"has-post-thumbnail","6":"product_cat-best-selling-products","7":"product_cat-tarjas","8":"product_cat-tarjas-de-submontar","9":"product_cat-varios","10":"product_tag-teka","12":"first","13":"outofstock","14":"shipping-taxable","15":"purchasable","16":"product-type-simple"},"_links":{"self":[{"href":"https:\/\/eltiosam.com.mx\/index.php\/wp-json\/wp\/v2\/product\/4368","targetHints":{"allow":["GET"]}}],"collection":[{"href":"https:\/\/eltiosam.com.mx\/index.php\/wp-json\/wp\/v2\/product"}],"about":[{"href":"https:\/\/eltiosam.com.mx\/index.php\/wp-json\/wp\/v2\/types\/product"}],"wp:featuredmedia":[{"embeddable":true,"href":"https:\/\/eltiosam.com.mx\/index.php\/wp-json\/wp\/v2\/media\/5295"}],"wp:attachment":[{"href":"https:\/\/eltiosam.com.mx\/index.php\/wp-json\/wp\/v2\/media?parent=4368"}],"wp:term":[{"taxonomy":"product_brand","embeddable":true,"href":"https:\/\/eltiosam.com.mx\/index.php\/wp-json\/wp\/v2\/product_brand?post=4368"},{"taxonomy":"product_cat","embeddable":true,"href":"https:\/\/eltiosam.com.mx\/index.php\/wp-json\/wp\/v2\/product_cat?post=4368"},{"taxonomy":"product_tag","embeddable":true,"href":"https:\/\/eltiosam.com.mx\/index.php\/wp-json\/wp\/v2\/product_tag?post=4368"}],"curies":[{"name":"wp","href":"https:\/\/api.w.org\/{rel}","templated":true}]}}