{"id":4364,"date":"2023-11-15T21:58:26","date_gmt":"2023-11-15T21:58:26","guid":{"rendered":"http:\/\/eltiosam.com.mx\/index.php\/product\/tarja-teka-be-2c-d-940-tu-37-20\/"},"modified":"2024-02-27T19:04:58","modified_gmt":"2024-02-27T19:04:58","slug":"tarja-teka-be-2c-d-940-tu-37-20","status":"publish","type":"product","link":"https:\/\/eltiosam.com.mx\/index.php\/product\/tarja-teka-be-2c-d-940-tu-37-20\/","title":{"rendered":"TARJA TEKA BE 2C  D 940 (TU 37.20 )"},"content":{"rendered":"<h3>Descripci\u00f3n:<\/h3>\n<p>La Tarja Teka BE 2C D 940 es una opci\u00f3n vers\u00e1til con un dise\u00f1o elegante, fabricada con acero inoxidable pulido de alta calidad. Sus caracter\u00edsticas y garant\u00eda de por vida la convierten en una elecci\u00f3n confiable para tu cocina.<\/p>\n","protected":false},"excerpt":{"rendered":"<p>Descripci\u00f3n: La Tarja Teka BE 2C D 940 es una opci\u00f3n vers\u00e1til con un dise\u00f1o elegante, fabricada con acero inoxidable pulido de alta calidad. Sus caracter\u00edsticas y garant\u00eda de por vida la convierten en una elecci\u00f3n confiable para tu cocina.<\/p>\n","protected":false},"featured_media":5293,"template":"","meta":{"_joinchat":[]},"product_brand":[],"product_cat":[161,47,201,42],"product_tag":[106],"class_list":{"0":"post-4364","1":"product","2":"type-product","3":"status-publish","4":"has-post-thumbnail","6":"product_cat-best-selling-products","7":"product_cat-tarjas","8":"product_cat-tarjas-de-submontar","9":"product_cat-varios","10":"product_tag-teka","12":"first","13":"outofstock","14":"shipping-taxable","15":"purchasable","16":"product-type-simple"},"_links":{"self":[{"href":"https:\/\/eltiosam.com.mx\/index.php\/wp-json\/wp\/v2\/product\/4364","targetHints":{"allow":["GET"]}}],"collection":[{"href":"https:\/\/eltiosam.com.mx\/index.php\/wp-json\/wp\/v2\/product"}],"about":[{"href":"https:\/\/eltiosam.com.mx\/index.php\/wp-json\/wp\/v2\/types\/product"}],"wp:featuredmedia":[{"embeddable":true,"href":"https:\/\/eltiosam.com.mx\/index.php\/wp-json\/wp\/v2\/media\/5293"}],"wp:attachment":[{"href":"https:\/\/eltiosam.com.mx\/index.php\/wp-json\/wp\/v2\/media?parent=4364"}],"wp:term":[{"taxonomy":"product_brand","embeddable":true,"href":"https:\/\/eltiosam.com.mx\/index.php\/wp-json\/wp\/v2\/product_brand?post=4364"},{"taxonomy":"product_cat","embeddable":true,"href":"https:\/\/eltiosam.com.mx\/index.php\/wp-json\/wp\/v2\/product_cat?post=4364"},{"taxonomy":"product_tag","embeddable":true,"href":"https:\/\/eltiosam.com.mx\/index.php\/wp-json\/wp\/v2\/product_tag?post=4364"}],"curies":[{"name":"wp","href":"https:\/\/api.w.org\/{rel}","templated":true}]}}