{"id":4352,"date":"2023-11-15T21:58:22","date_gmt":"2023-11-15T21:58:22","guid":{"rendered":"http:\/\/eltiosam.com.mx\/index.php\/product\/tarja-teka-bahia-1c-plus\/"},"modified":"2024-02-27T19:02:12","modified_gmt":"2024-02-27T19:02:12","slug":"tarja-teka-bahia-1c-plus","status":"publish","type":"product","link":"https:\/\/eltiosam.com.mx\/index.php\/product\/tarja-teka-bahia-1c-plus\/","title":{"rendered":"TARJA TEKA BAHIA 1C PLUS"},"content":{"rendered":"<h3>Descripci\u00f3n:<\/h3>\n<p>Grifos de libre instalaci\u00f3n, de ca\u00f1o alto, bajo, extra\u00edbles, monomando, retr\u00e1ctiles\u2026 todos ellos en diferentes colores y medidas. Pensando en la opci\u00f3n que mejor se adapte a tu cocina. Sus ca\u00f1os giratorios extra\u00edbles se adaptan a diferentes alturas y posiciones para limpiar utensilios de gran tama\u00f1o y o facilitar el llenado de agua de grandes recipientes.<\/p>\n","protected":false},"excerpt":{"rendered":"<p>Descripci\u00f3n: Grifos de libre instalaci\u00f3n, de ca\u00f1o alto, bajo, extra\u00edbles, monomando, retr\u00e1ctiles\u2026 todos ellos en diferentes colores y medidas. Pensando en la opci\u00f3n que mejor se adapte a tu cocina. Sus ca\u00f1os giratorios extra\u00edbles se adaptan a diferentes alturas y posiciones para limpiar utensilios de gran tama\u00f1o y o facilitar el llenado de agua de [&hellip;]<\/p>\n","protected":false},"featured_media":5288,"template":"","meta":{"_joinchat":[]},"product_brand":[],"product_cat":[161,47,200,42],"product_tag":[106],"class_list":{"0":"post-4352","1":"product","2":"type-product","3":"status-publish","4":"has-post-thumbnail","6":"product_cat-best-selling-products","7":"product_cat-tarjas","8":"product_cat-tarjas-de-sobreponer","9":"product_cat-varios","10":"product_tag-teka","12":"first","13":"outofstock","14":"shipping-taxable","15":"purchasable","16":"product-type-simple"},"_links":{"self":[{"href":"https:\/\/eltiosam.com.mx\/index.php\/wp-json\/wp\/v2\/product\/4352","targetHints":{"allow":["GET"]}}],"collection":[{"href":"https:\/\/eltiosam.com.mx\/index.php\/wp-json\/wp\/v2\/product"}],"about":[{"href":"https:\/\/eltiosam.com.mx\/index.php\/wp-json\/wp\/v2\/types\/product"}],"wp:featuredmedia":[{"embeddable":true,"href":"https:\/\/eltiosam.com.mx\/index.php\/wp-json\/wp\/v2\/media\/5288"}],"wp:attachment":[{"href":"https:\/\/eltiosam.com.mx\/index.php\/wp-json\/wp\/v2\/media?parent=4352"}],"wp:term":[{"taxonomy":"product_brand","embeddable":true,"href":"https:\/\/eltiosam.com.mx\/index.php\/wp-json\/wp\/v2\/product_brand?post=4352"},{"taxonomy":"product_cat","embeddable":true,"href":"https:\/\/eltiosam.com.mx\/index.php\/wp-json\/wp\/v2\/product_cat?post=4352"},{"taxonomy":"product_tag","embeddable":true,"href":"https:\/\/eltiosam.com.mx\/index.php\/wp-json\/wp\/v2\/product_tag?post=4352"}],"curies":[{"name":"wp","href":"https:\/\/api.w.org\/{rel}","templated":true}]}}