{"id":4340,"date":"2023-11-15T21:58:18","date_gmt":"2023-11-15T21:58:18","guid":{"rendered":"http:\/\/eltiosam.com.mx\/index.php\/product\/tarja-teka-840-560-2c-33-22-7-1b\/"},"modified":"2024-02-27T19:00:36","modified_gmt":"2024-02-27T19:00:36","slug":"tarja-teka-840-560-2c-33-22-7-1b","status":"publish","type":"product","link":"https:\/\/eltiosam.com.mx\/index.php\/product\/tarja-teka-840-560-2c-33-22-7-1b\/","title":{"rendered":"TARJA TEKA 840.560 2C (33.22) 7\u2019\u2019 1B"},"content":{"rendered":"<h3>Descripci\u00f3n:<\/h3>\n<p>La Tarja Teka 840.560 2C (33.22) 7\u2019\u2019 1B es una opci\u00f3n duradera y est\u00e9ticamente atractiva para tu cocina. Con su fregadero doble, elegante acabado mate y garant\u00eda de por vida, ofrece no solo un aspecto elegante sino tambi\u00e9n confiabilidad a largo plazo.<\/p>\n","protected":false},"excerpt":{"rendered":"<p>Descripci\u00f3n: La Tarja Teka 840.560 2C (33.22) 7\u2019\u2019 1B es una opci\u00f3n duradera y est\u00e9ticamente atractiva para tu cocina. Con su fregadero doble, elegante acabado mate y garant\u00eda de por vida, ofrece no solo un aspecto elegante sino tambi\u00e9n confiabilidad a largo plazo.<\/p>\n","protected":false},"featured_media":5285,"template":"","meta":{"_joinchat":[]},"product_brand":[],"product_cat":[161,47,200,42],"product_tag":[106],"class_list":{"0":"post-4340","1":"product","2":"type-product","3":"status-publish","4":"has-post-thumbnail","6":"product_cat-best-selling-products","7":"product_cat-tarjas","8":"product_cat-tarjas-de-sobreponer","9":"product_cat-varios","10":"product_tag-teka","12":"first","13":"outofstock","14":"shipping-taxable","15":"purchasable","16":"product-type-simple"},"_links":{"self":[{"href":"https:\/\/eltiosam.com.mx\/index.php\/wp-json\/wp\/v2\/product\/4340","targetHints":{"allow":["GET"]}}],"collection":[{"href":"https:\/\/eltiosam.com.mx\/index.php\/wp-json\/wp\/v2\/product"}],"about":[{"href":"https:\/\/eltiosam.com.mx\/index.php\/wp-json\/wp\/v2\/types\/product"}],"wp:featuredmedia":[{"embeddable":true,"href":"https:\/\/eltiosam.com.mx\/index.php\/wp-json\/wp\/v2\/media\/5285"}],"wp:attachment":[{"href":"https:\/\/eltiosam.com.mx\/index.php\/wp-json\/wp\/v2\/media?parent=4340"}],"wp:term":[{"taxonomy":"product_brand","embeddable":true,"href":"https:\/\/eltiosam.com.mx\/index.php\/wp-json\/wp\/v2\/product_brand?post=4340"},{"taxonomy":"product_cat","embeddable":true,"href":"https:\/\/eltiosam.com.mx\/index.php\/wp-json\/wp\/v2\/product_cat?post=4340"},{"taxonomy":"product_tag","embeddable":true,"href":"https:\/\/eltiosam.com.mx\/index.php\/wp-json\/wp\/v2\/product_tag?post=4340"}],"curies":[{"name":"wp","href":"https:\/\/api.w.org\/{rel}","templated":true}]}}