{"id":4338,"date":"2023-11-15T21:58:14","date_gmt":"2023-11-15T21:58:14","guid":{"rendered":"http:\/\/eltiosam.com.mx\/index.php\/product\/tarja-teka-381-381-1c-15-15-1b\/"},"modified":"2024-02-27T18:54:38","modified_gmt":"2024-02-27T18:54:38","slug":"tarja-teka-381-381-1c-15-15-1b","status":"publish","type":"product","link":"https:\/\/eltiosam.com.mx\/index.php\/product\/tarja-teka-381-381-1c-15-15-1b\/","title":{"rendered":"TARJA TEKA 381.381 1C (15.15) 1B."},"content":{"rendered":"<p><strong>Descripci\u00f3n:<\/strong><\/p>\n<ul>\n<li>Ca\u00f1o giratorio<\/li>\n<li>Aireador anti-cal<\/li>\n<li>Monturas cer\u00e1micas de gran duraci\u00f3n<\/li>\n<li>Mangueras flexibles de alimentaci\u00f3n incluidas<\/li>\n<li>Cartucho cer\u00e1mico de gran duraci\u00f3n<\/li>\n<li>Presi\u00f3n de funcionamiento recomendada: 1-5 bar (kg\/cm )<\/li>\n<\/ul>\n","protected":false},"excerpt":{"rendered":"<p>Descripci\u00f3n: Ca\u00f1o giratorio Aireador anti-cal Monturas cer\u00e1micas de gran duraci\u00f3n Mangueras flexibles de alimentaci\u00f3n incluidas Cartucho cer\u00e1mico de gran duraci\u00f3n Presi\u00f3n de funcionamiento recomendada: 1-5 bar (kg\/cm )<\/p>\n","protected":false},"featured_media":5283,"template":"","meta":{"_joinchat":[]},"product_brand":[],"product_cat":[161,47,200,42],"product_tag":[106],"class_list":{"0":"post-4338","1":"product","2":"type-product","3":"status-publish","4":"has-post-thumbnail","6":"product_cat-best-selling-products","7":"product_cat-tarjas","8":"product_cat-tarjas-de-sobreponer","9":"product_cat-varios","10":"product_tag-teka","12":"first","13":"outofstock","14":"shipping-taxable","15":"purchasable","16":"product-type-simple"},"_links":{"self":[{"href":"https:\/\/eltiosam.com.mx\/index.php\/wp-json\/wp\/v2\/product\/4338","targetHints":{"allow":["GET"]}}],"collection":[{"href":"https:\/\/eltiosam.com.mx\/index.php\/wp-json\/wp\/v2\/product"}],"about":[{"href":"https:\/\/eltiosam.com.mx\/index.php\/wp-json\/wp\/v2\/types\/product"}],"wp:featuredmedia":[{"embeddable":true,"href":"https:\/\/eltiosam.com.mx\/index.php\/wp-json\/wp\/v2\/media\/5283"}],"wp:attachment":[{"href":"https:\/\/eltiosam.com.mx\/index.php\/wp-json\/wp\/v2\/media?parent=4338"}],"wp:term":[{"taxonomy":"product_brand","embeddable":true,"href":"https:\/\/eltiosam.com.mx\/index.php\/wp-json\/wp\/v2\/product_brand?post=4338"},{"taxonomy":"product_cat","embeddable":true,"href":"https:\/\/eltiosam.com.mx\/index.php\/wp-json\/wp\/v2\/product_cat?post=4338"},{"taxonomy":"product_tag","embeddable":true,"href":"https:\/\/eltiosam.com.mx\/index.php\/wp-json\/wp\/v2\/product_tag?post=4338"}],"curies":[{"name":"wp","href":"https:\/\/api.w.org\/{rel}","templated":true}]}}