{"id":4336,"date":"2023-11-15T21:58:12","date_gmt":"2023-11-15T21:58:12","guid":{"rendered":"http:\/\/eltiosam.com.mx\/index.php\/product\/tarja-tec819x470\/"},"modified":"2024-02-27T18:50:44","modified_gmt":"2024-02-27T18:50:44","slug":"tarja-tec819x470","status":"publish","type":"product","link":"https:\/\/eltiosam.com.mx\/index.php\/product\/tarja-tec819x470\/","title":{"rendered":"Tarja Tecnolam TEC819X470"},"content":{"rendered":"<p>Descripci\u00f3n:<\/p>\n<p>Esta tarja es una opci\u00f3n pr\u00e1ctica y elegante para tu cocina. Su material de acero inoxidable, acabado satinado y dise\u00f1o de submontar la hacen adecuada para una variedad de estilos de cocina, proporcionando durabilidad y funcionalidad.<\/p>\n","protected":false},"excerpt":{"rendered":"<p>Descripci\u00f3n: Esta tarja es una opci\u00f3n pr\u00e1ctica y elegante para tu cocina. Su material de acero inoxidable, acabado satinado y dise\u00f1o de submontar la hacen adecuada para una variedad de estilos de cocina, proporcionando durabilidad y funcionalidad.<\/p>\n","protected":false},"featured_media":5281,"template":"","meta":{"_joinchat":[]},"product_brand":[],"product_cat":[161,47,42],"product_tag":[30],"class_list":{"0":"post-4336","1":"product","2":"type-product","3":"status-publish","4":"has-post-thumbnail","6":"product_cat-best-selling-products","7":"product_cat-tarjas","8":"product_cat-varios","9":"product_tag-tecnolam","11":"first","12":"outofstock","13":"shipping-taxable","14":"purchasable","15":"product-type-simple"},"_links":{"self":[{"href":"https:\/\/eltiosam.com.mx\/index.php\/wp-json\/wp\/v2\/product\/4336","targetHints":{"allow":["GET"]}}],"collection":[{"href":"https:\/\/eltiosam.com.mx\/index.php\/wp-json\/wp\/v2\/product"}],"about":[{"href":"https:\/\/eltiosam.com.mx\/index.php\/wp-json\/wp\/v2\/types\/product"}],"wp:featuredmedia":[{"embeddable":true,"href":"https:\/\/eltiosam.com.mx\/index.php\/wp-json\/wp\/v2\/media\/5281"}],"wp:attachment":[{"href":"https:\/\/eltiosam.com.mx\/index.php\/wp-json\/wp\/v2\/media?parent=4336"}],"wp:term":[{"taxonomy":"product_brand","embeddable":true,"href":"https:\/\/eltiosam.com.mx\/index.php\/wp-json\/wp\/v2\/product_brand?post=4336"},{"taxonomy":"product_cat","embeddable":true,"href":"https:\/\/eltiosam.com.mx\/index.php\/wp-json\/wp\/v2\/product_cat?post=4336"},{"taxonomy":"product_tag","embeddable":true,"href":"https:\/\/eltiosam.com.mx\/index.php\/wp-json\/wp\/v2\/product_tag?post=4336"}],"curies":[{"name":"wp","href":"https:\/\/api.w.org\/{rel}","templated":true}]}}