{"id":4321,"date":"2023-11-15T21:57:53","date_gmt":"2023-11-15T21:57:53","guid":{"rendered":"http:\/\/eltiosam.com.mx\/index.php\/product\/tarja-kele-kts3019a\/"},"modified":"2025-10-14T20:09:37","modified_gmt":"2025-10-14T20:09:37","slug":"tarja-kele-kts3019a","status":"publish","type":"product","link":"https:\/\/eltiosam.com.mx\/index.php\/product\/tarja-kele-kts3019a\/","title":{"rendered":"TARJA KELE KTS3019A"},"content":{"rendered":"<ul>\n<li><b>Descripci\u00f3n:<\/b><\/li>\n<\/ul>\n<p>Esta tarja ofrece un dise\u00f1o elegante y funcional para tu cocina. Puede ser empotrada para un aspecto integrado y limpio. El acabado cepillado proporciona un aspecto moderno y es f\u00e1cil de limpiar. Con una profundidad de 220 mm, es adecuada para diversas tareas de lavado. Adem\u00e1s, se incluyen accesorios pr\u00e1cticos como una tabla para picar, escurridor desmontable, canastilla escurridor, dispensador de jab\u00f3n y contracanasta para mejorar la funcionalidad y la comodidad en la cocina.<\/p>\n","protected":false},"excerpt":{"rendered":"<p>Descripci\u00f3n: Esta tarja ofrece un dise\u00f1o elegante y funcional para tu cocina. Puede ser empotrada para un aspecto integrado y limpio. El acabado cepillado proporciona un aspecto moderno y es f\u00e1cil de limpiar. Con una profundidad de 220 mm, es adecuada para diversas tareas de lavado. Adem\u00e1s, se incluyen accesorios pr\u00e1cticos como una tabla para [&hellip;]<\/p>\n","protected":false},"featured_media":12756,"template":"","meta":{"_joinchat":[]},"product_brand":[],"product_cat":[161,47,200,42],"product_tag":[70],"class_list":{"0":"post-4321","1":"product","2":"type-product","3":"status-publish","4":"has-post-thumbnail","6":"product_cat-best-selling-products","7":"product_cat-tarjas","8":"product_cat-tarjas-de-sobreponer","9":"product_cat-varios","10":"product_tag-kele","12":"first","13":"outofstock","14":"shipping-taxable","15":"purchasable","16":"product-type-simple"},"_links":{"self":[{"href":"https:\/\/eltiosam.com.mx\/index.php\/wp-json\/wp\/v2\/product\/4321","targetHints":{"allow":["GET"]}}],"collection":[{"href":"https:\/\/eltiosam.com.mx\/index.php\/wp-json\/wp\/v2\/product"}],"about":[{"href":"https:\/\/eltiosam.com.mx\/index.php\/wp-json\/wp\/v2\/types\/product"}],"wp:featuredmedia":[{"embeddable":true,"href":"https:\/\/eltiosam.com.mx\/index.php\/wp-json\/wp\/v2\/media\/12756"}],"wp:attachment":[{"href":"https:\/\/eltiosam.com.mx\/index.php\/wp-json\/wp\/v2\/media?parent=4321"}],"wp:term":[{"taxonomy":"product_brand","embeddable":true,"href":"https:\/\/eltiosam.com.mx\/index.php\/wp-json\/wp\/v2\/product_brand?post=4321"},{"taxonomy":"product_cat","embeddable":true,"href":"https:\/\/eltiosam.com.mx\/index.php\/wp-json\/wp\/v2\/product_cat?post=4321"},{"taxonomy":"product_tag","embeddable":true,"href":"https:\/\/eltiosam.com.mx\/index.php\/wp-json\/wp\/v2\/product_tag?post=4321"}],"curies":[{"name":"wp","href":"https:\/\/api.w.org\/{rel}","templated":true}]}}