{"id":4320,"date":"2023-11-15T21:57:49","date_gmt":"2023-11-15T21:57:49","guid":{"rendered":"http:\/\/eltiosam.com.mx\/index.php\/product\/tarja-kele-kqs3120a-wh\/"},"modified":"2024-02-26T18:52:23","modified_gmt":"2024-02-26T18:52:23","slug":"tarja-kele-kqs3120a-wh","status":"publish","type":"product","link":"https:\/\/eltiosam.com.mx\/index.php\/product\/tarja-kele-kqs3120a-wh\/","title":{"rendered":"TARJA KELE KQS3120A-WH"},"content":{"rendered":"<ul>\n<li><b>Descripci\u00f3n:<\/b><\/li>\n<\/ul>\n<p>Esta tarja de cuarzo ofrece un dise\u00f1o elegante y funcional para tu cocina. Puede ser instalada como submontar o empotrar, proporcionando flexibilidad en el dise\u00f1o de la cocina. Con una tina, es adecuada para diversas tareas de lavado. El color blanco le da un aspecto limpio y moderno, mientras que las esquinas Small Angle R25 a\u00f1aden un toque contempor\u00e1neo al dise\u00f1o. Adem\u00e1s, se incluyen accesorios pr\u00e1cticos como una tabla para picar, Smart Mat, contracanasta y dispensador de jab\u00f3n para mejorar la funcionalidad y la comodidad en la cocina.<\/p>\n","protected":false},"excerpt":{"rendered":"<p>Descripci\u00f3n: Esta tarja de cuarzo ofrece un dise\u00f1o elegante y funcional para tu cocina. Puede ser instalada como submontar o empotrar, proporcionando flexibilidad en el dise\u00f1o de la cocina. Con una tina, es adecuada para diversas tareas de lavado. El color blanco le da un aspecto limpio y moderno, mientras que las esquinas Small Angle [&hellip;]<\/p>\n","protected":false},"featured_media":5258,"template":"","meta":{"_joinchat":[]},"product_brand":[],"product_cat":[161,47,201,42],"product_tag":[70],"class_list":{"0":"post-4320","1":"product","2":"type-product","3":"status-publish","4":"has-post-thumbnail","6":"product_cat-best-selling-products","7":"product_cat-tarjas","8":"product_cat-tarjas-de-submontar","9":"product_cat-varios","10":"product_tag-kele","12":"first","13":"outofstock","14":"shipping-taxable","15":"purchasable","16":"product-type-simple"},"_links":{"self":[{"href":"https:\/\/eltiosam.com.mx\/index.php\/wp-json\/wp\/v2\/product\/4320","targetHints":{"allow":["GET"]}}],"collection":[{"href":"https:\/\/eltiosam.com.mx\/index.php\/wp-json\/wp\/v2\/product"}],"about":[{"href":"https:\/\/eltiosam.com.mx\/index.php\/wp-json\/wp\/v2\/types\/product"}],"wp:featuredmedia":[{"embeddable":true,"href":"https:\/\/eltiosam.com.mx\/index.php\/wp-json\/wp\/v2\/media\/5258"}],"wp:attachment":[{"href":"https:\/\/eltiosam.com.mx\/index.php\/wp-json\/wp\/v2\/media?parent=4320"}],"wp:term":[{"taxonomy":"product_brand","embeddable":true,"href":"https:\/\/eltiosam.com.mx\/index.php\/wp-json\/wp\/v2\/product_brand?post=4320"},{"taxonomy":"product_cat","embeddable":true,"href":"https:\/\/eltiosam.com.mx\/index.php\/wp-json\/wp\/v2\/product_cat?post=4320"},{"taxonomy":"product_tag","embeddable":true,"href":"https:\/\/eltiosam.com.mx\/index.php\/wp-json\/wp\/v2\/product_tag?post=4320"}],"curies":[{"name":"wp","href":"https:\/\/api.w.org\/{rel}","templated":true}]}}