{"id":4313,"date":"2023-11-15T21:57:42","date_gmt":"2023-11-15T21:57:42","guid":{"rendered":"http:\/\/eltiosam.com.mx\/index.php\/product\/tarja-kele-khd3717a\/"},"modified":"2024-02-26T18:41:19","modified_gmt":"2024-02-26T18:41:19","slug":"tarja-kele-khd3717a","status":"publish","type":"product","link":"https:\/\/eltiosam.com.mx\/index.php\/product\/tarja-kele-khd3717a\/","title":{"rendered":"TARJA KELE KHD3717A"},"content":{"rendered":"<ul>\n<li><b>Descripci\u00f3n:<\/b><\/li>\n<li>Esta tarja es parte de la l\u00ednea Cuadra y presenta un dise\u00f1o vers\u00e1til con opciones de instalaci\u00f3n tanto para empotrar como para submontar. Con una profundidad de 254 mm, es adecuada para una variedad de tareas en la cocina. El acabado cepillado y las esquinas Small Angle R10 le confieren un aspecto moderno y elegante.<\/li>\n<\/ul>\n","protected":false},"excerpt":{"rendered":"<p>Descripci\u00f3n: Esta tarja es parte de la l\u00ednea Cuadra y presenta un dise\u00f1o vers\u00e1til con opciones de instalaci\u00f3n tanto para empotrar como para submontar. Con una profundidad de 254 mm, es adecuada para una variedad de tareas en la cocina. El acabado cepillado y las esquinas Small Angle R10 le confieren un aspecto moderno y [&hellip;]<\/p>\n","protected":false},"featured_media":5251,"template":"","meta":{"_joinchat":[]},"product_brand":[],"product_cat":[161,47,201,42],"product_tag":[70],"class_list":{"0":"post-4313","1":"product","2":"type-product","3":"status-publish","4":"has-post-thumbnail","6":"product_cat-best-selling-products","7":"product_cat-tarjas","8":"product_cat-tarjas-de-submontar","9":"product_cat-varios","10":"product_tag-kele","12":"first","13":"outofstock","14":"shipping-taxable","15":"purchasable","16":"product-type-simple"},"_links":{"self":[{"href":"https:\/\/eltiosam.com.mx\/index.php\/wp-json\/wp\/v2\/product\/4313","targetHints":{"allow":["GET"]}}],"collection":[{"href":"https:\/\/eltiosam.com.mx\/index.php\/wp-json\/wp\/v2\/product"}],"about":[{"href":"https:\/\/eltiosam.com.mx\/index.php\/wp-json\/wp\/v2\/types\/product"}],"wp:featuredmedia":[{"embeddable":true,"href":"https:\/\/eltiosam.com.mx\/index.php\/wp-json\/wp\/v2\/media\/5251"}],"wp:attachment":[{"href":"https:\/\/eltiosam.com.mx\/index.php\/wp-json\/wp\/v2\/media?parent=4313"}],"wp:term":[{"taxonomy":"product_brand","embeddable":true,"href":"https:\/\/eltiosam.com.mx\/index.php\/wp-json\/wp\/v2\/product_brand?post=4313"},{"taxonomy":"product_cat","embeddable":true,"href":"https:\/\/eltiosam.com.mx\/index.php\/wp-json\/wp\/v2\/product_cat?post=4313"},{"taxonomy":"product_tag","embeddable":true,"href":"https:\/\/eltiosam.com.mx\/index.php\/wp-json\/wp\/v2\/product_tag?post=4313"}],"curies":[{"name":"wp","href":"https:\/\/api.w.org\/{rel}","templated":true}]}}