{"id":4306,"date":"2023-11-15T21:57:36","date_gmt":"2023-11-15T21:57:36","guid":{"rendered":"http:\/\/eltiosam.com.mx\/index.php\/product\/tarja-eb-cs-300\/"},"modified":"2024-02-26T18:23:35","modified_gmt":"2024-02-26T18:23:35","slug":"tarja-eb-cs-300","status":"publish","type":"product","link":"https:\/\/eltiosam.com.mx\/index.php\/product\/tarja-eb-cs-300\/","title":{"rendered":"TARJA EB CS-300"},"content":{"rendered":"<p>La Tarja EB CS-300 es un fregadero dise\u00f1ado para integrarse de manera elegante en la cocina. A continuaci\u00f3n<\/p>\n<ul>\n<li><strong>L\u00ednea Cl\u00e1sica:<\/strong> Presenta un dise\u00f1o que se adapta bien a distintos estilos de cocina, aportando un toque cl\u00e1sico y funcional.<\/li>\n<li><strong>N\u00famero de Tinas:<\/strong> 1.<\/li>\n<li><strong>Escurrideros:<\/strong> Ninguno.<\/li>\n<\/ul>\n<p><strong>Recomendaciones:<\/strong><\/p>\n<ul>\n<li>Se sugiere verificar con el fabricante o distribuidor para obtener informaci\u00f3n adicional sobre el mantenimiento y cualquier consideraci\u00f3n espec\u00edfica para la instalaci\u00f3n.<\/li>\n<\/ul>\n","protected":false},"excerpt":{"rendered":"<p>La Tarja EB CS-300 es un fregadero dise\u00f1ado para integrarse de manera elegante en la cocina. A continuaci\u00f3n L\u00ednea Cl\u00e1sica: Presenta un dise\u00f1o que se adapta bien a distintos estilos de cocina, aportando un toque cl\u00e1sico y funcional. N\u00famero de Tinas: 1. Escurrideros: Ninguno. Recomendaciones: Se sugiere verificar con el fabricante o distribuidor para obtener [&hellip;]<\/p>\n","protected":false},"featured_media":5246,"template":"","meta":{"_joinchat":[]},"product_brand":[],"product_cat":[161,47,201,42],"product_tag":[44],"class_list":{"0":"post-4306","1":"product","2":"type-product","3":"status-publish","4":"has-post-thumbnail","6":"product_cat-best-selling-products","7":"product_cat-tarjas","8":"product_cat-tarjas-de-submontar","9":"product_cat-varios","10":"product_tag-eb","12":"first","13":"outofstock","14":"shipping-taxable","15":"purchasable","16":"product-type-simple"},"_links":{"self":[{"href":"https:\/\/eltiosam.com.mx\/index.php\/wp-json\/wp\/v2\/product\/4306","targetHints":{"allow":["GET"]}}],"collection":[{"href":"https:\/\/eltiosam.com.mx\/index.php\/wp-json\/wp\/v2\/product"}],"about":[{"href":"https:\/\/eltiosam.com.mx\/index.php\/wp-json\/wp\/v2\/types\/product"}],"wp:featuredmedia":[{"embeddable":true,"href":"https:\/\/eltiosam.com.mx\/index.php\/wp-json\/wp\/v2\/media\/5246"}],"wp:attachment":[{"href":"https:\/\/eltiosam.com.mx\/index.php\/wp-json\/wp\/v2\/media?parent=4306"}],"wp:term":[{"taxonomy":"product_brand","embeddable":true,"href":"https:\/\/eltiosam.com.mx\/index.php\/wp-json\/wp\/v2\/product_brand?post=4306"},{"taxonomy":"product_cat","embeddable":true,"href":"https:\/\/eltiosam.com.mx\/index.php\/wp-json\/wp\/v2\/product_cat?post=4306"},{"taxonomy":"product_tag","embeddable":true,"href":"https:\/\/eltiosam.com.mx\/index.php\/wp-json\/wp\/v2\/product_tag?post=4306"}],"curies":[{"name":"wp","href":"https:\/\/api.w.org\/{rel}","templated":true}]}}