{"id":4305,"date":"2023-11-15T21:57:34","date_gmt":"2023-11-15T21:57:34","guid":{"rendered":"http:\/\/eltiosam.com.mx\/index.php\/product\/tarja-eb-cs-214\/"},"modified":"2024-02-26T18:20:29","modified_gmt":"2024-02-26T18:20:29","slug":"tarja-eb-cs-214","status":"publish","type":"product","link":"https:\/\/eltiosam.com.mx\/index.php\/product\/tarja-eb-cs-214\/","title":{"rendered":"TARJA EB CS-214"},"content":{"rendered":"<p>La Tarja EB CS-214 es un fregadero dise\u00f1ado para integrarse de manera elegante en la cocina. A continuaci\u00f3n, te presento las especificaciones detalladas:<\/p>\n<ul>\n<li><strong>L\u00ednea Cl\u00e1sica:<\/strong> Presenta un dise\u00f1o que se adapta bien a distintos estilos de cocina, aportando un toque cl\u00e1sico y funcional.<\/li>\n<\/ul>\n","protected":false},"excerpt":{"rendered":"<p>La Tarja EB CS-214 es un fregadero dise\u00f1ado para integrarse de manera elegante en la cocina. A continuaci\u00f3n, te presento las especificaciones detalladas: L\u00ednea Cl\u00e1sica: Presenta un dise\u00f1o que se adapta bien a distintos estilos de cocina, aportando un toque cl\u00e1sico y funcional.<\/p>\n","protected":false},"featured_media":5245,"template":"","meta":{"_joinchat":[]},"product_brand":[],"product_cat":[161,47,201,42],"product_tag":[44],"class_list":{"0":"post-4305","1":"product","2":"type-product","3":"status-publish","4":"has-post-thumbnail","6":"product_cat-best-selling-products","7":"product_cat-tarjas","8":"product_cat-tarjas-de-submontar","9":"product_cat-varios","10":"product_tag-eb","12":"first","13":"outofstock","14":"shipping-taxable","15":"purchasable","16":"product-type-simple"},"_links":{"self":[{"href":"https:\/\/eltiosam.com.mx\/index.php\/wp-json\/wp\/v2\/product\/4305","targetHints":{"allow":["GET"]}}],"collection":[{"href":"https:\/\/eltiosam.com.mx\/index.php\/wp-json\/wp\/v2\/product"}],"about":[{"href":"https:\/\/eltiosam.com.mx\/index.php\/wp-json\/wp\/v2\/types\/product"}],"wp:featuredmedia":[{"embeddable":true,"href":"https:\/\/eltiosam.com.mx\/index.php\/wp-json\/wp\/v2\/media\/5245"}],"wp:attachment":[{"href":"https:\/\/eltiosam.com.mx\/index.php\/wp-json\/wp\/v2\/media?parent=4305"}],"wp:term":[{"taxonomy":"product_brand","embeddable":true,"href":"https:\/\/eltiosam.com.mx\/index.php\/wp-json\/wp\/v2\/product_brand?post=4305"},{"taxonomy":"product_cat","embeddable":true,"href":"https:\/\/eltiosam.com.mx\/index.php\/wp-json\/wp\/v2\/product_cat?post=4305"},{"taxonomy":"product_tag","embeddable":true,"href":"https:\/\/eltiosam.com.mx\/index.php\/wp-json\/wp\/v2\/product_tag?post=4305"}],"curies":[{"name":"wp","href":"https:\/\/api.w.org\/{rel}","templated":true}]}}