{"id":4302,"date":"2023-11-15T21:57:28","date_gmt":"2023-11-15T21:57:28","guid":{"rendered":"http:\/\/eltiosam.com.mx\/index.php\/product\/tarja-eb-c201n\/"},"modified":"2024-02-26T18:05:49","modified_gmt":"2024-02-26T18:05:49","slug":"tarja-eb-c201n","status":"publish","type":"product","link":"https:\/\/eltiosam.com.mx\/index.php\/product\/tarja-eb-c201n\/","title":{"rendered":"TARJA EB C201N"},"content":{"rendered":"<p>Descripci\u00f3n:<\/p>\n<p>Esta tarja est\u00e1 fabricada con acero inoxidable, lo que la hace duradera y resistente. Su dise\u00f1o empotrable facilita la instalaci\u00f3n en diferentes tipos de cubiertas. Cuenta con m\u00faltiples agujeros para llaves, lo que brinda flexibilidad en la instalaci\u00f3n de grifos y otros accesorios. Adem\u00e1s, incluye una contracanasta para el desag\u00fce, lo que contribuye a mantener la limpieza y facilita la gesti\u00f3n de residuos.<\/p>\n","protected":false},"excerpt":{"rendered":"<p>Descripci\u00f3n: Esta tarja est\u00e1 fabricada con acero inoxidable, lo que la hace duradera y resistente. Su dise\u00f1o empotrable facilita la instalaci\u00f3n en diferentes tipos de cubiertas. Cuenta con m\u00faltiples agujeros para llaves, lo que brinda flexibilidad en la instalaci\u00f3n de grifos y otros accesorios. Adem\u00e1s, incluye una contracanasta para el desag\u00fce, lo que contribuye a [&hellip;]<\/p>\n","protected":false},"featured_media":5242,"template":"","meta":{"_joinchat":[]},"product_brand":[],"product_cat":[161,47,200,42],"product_tag":[44],"class_list":{"0":"post-4302","1":"product","2":"type-product","3":"status-publish","4":"has-post-thumbnail","6":"product_cat-best-selling-products","7":"product_cat-tarjas","8":"product_cat-tarjas-de-sobreponer","9":"product_cat-varios","10":"product_tag-eb","12":"first","13":"outofstock","14":"shipping-taxable","15":"purchasable","16":"product-type-simple"},"_links":{"self":[{"href":"https:\/\/eltiosam.com.mx\/index.php\/wp-json\/wp\/v2\/product\/4302","targetHints":{"allow":["GET"]}}],"collection":[{"href":"https:\/\/eltiosam.com.mx\/index.php\/wp-json\/wp\/v2\/product"}],"about":[{"href":"https:\/\/eltiosam.com.mx\/index.php\/wp-json\/wp\/v2\/types\/product"}],"wp:featuredmedia":[{"embeddable":true,"href":"https:\/\/eltiosam.com.mx\/index.php\/wp-json\/wp\/v2\/media\/5242"}],"wp:attachment":[{"href":"https:\/\/eltiosam.com.mx\/index.php\/wp-json\/wp\/v2\/media?parent=4302"}],"wp:term":[{"taxonomy":"product_brand","embeddable":true,"href":"https:\/\/eltiosam.com.mx\/index.php\/wp-json\/wp\/v2\/product_brand?post=4302"},{"taxonomy":"product_cat","embeddable":true,"href":"https:\/\/eltiosam.com.mx\/index.php\/wp-json\/wp\/v2\/product_cat?post=4302"},{"taxonomy":"product_tag","embeddable":true,"href":"https:\/\/eltiosam.com.mx\/index.php\/wp-json\/wp\/v2\/product_tag?post=4302"}],"curies":[{"name":"wp","href":"https:\/\/api.w.org\/{rel}","templated":true}]}}