{"id":4300,"date":"2023-11-15T21:57:26","date_gmt":"2023-11-15T21:57:26","guid":{"rendered":"http:\/\/eltiosam.com.mx\/index.php\/product\/tarja-eb-c110\/"},"modified":"2024-08-30T00:17:02","modified_gmt":"2024-08-30T00:17:02","slug":"tarja-eb-c110","status":"publish","type":"product","link":"https:\/\/eltiosam.com.mx\/index.php\/product\/tarja-eb-c110\/","title":{"rendered":"TARJA EB C110"},"content":{"rendered":"<p>La <strong>Tarja EB C110 de 2 Tinas<\/strong> es una excelente opci\u00f3n para cocinas que necesitan funcionalidad y flexibilidad, permitiendo realizar m\u00faltiples tareas de lavado simult\u00e1neamente. Su dise\u00f1o de bajo encimera le da un aspecto limpio y moderno, ideal para cocinas contempor\u00e1neas.<\/p>\n","protected":false},"excerpt":{"rendered":"<p>La Tarja EB C110 de 2 Tinas es una excelente opci\u00f3n para cocinas que necesitan funcionalidad y flexibilidad, permitiendo realizar m\u00faltiples tareas de lavado simult\u00e1neamente. Su dise\u00f1o de bajo encimera le da un aspecto limpio y moderno, ideal para cocinas contempor\u00e1neas.<\/p>\n","protected":false},"featured_media":5240,"template":"","meta":{"_joinchat":[]},"product_brand":[],"product_cat":[161,47,200,42],"product_tag":[44],"class_list":{"0":"post-4300","1":"product","2":"type-product","3":"status-publish","4":"has-post-thumbnail","6":"product_cat-best-selling-products","7":"product_cat-tarjas","8":"product_cat-tarjas-de-sobreponer","9":"product_cat-varios","10":"product_tag-eb","12":"first","13":"outofstock","14":"shipping-taxable","15":"purchasable","16":"product-type-simple"},"_links":{"self":[{"href":"https:\/\/eltiosam.com.mx\/index.php\/wp-json\/wp\/v2\/product\/4300","targetHints":{"allow":["GET"]}}],"collection":[{"href":"https:\/\/eltiosam.com.mx\/index.php\/wp-json\/wp\/v2\/product"}],"about":[{"href":"https:\/\/eltiosam.com.mx\/index.php\/wp-json\/wp\/v2\/types\/product"}],"wp:featuredmedia":[{"embeddable":true,"href":"https:\/\/eltiosam.com.mx\/index.php\/wp-json\/wp\/v2\/media\/5240"}],"wp:attachment":[{"href":"https:\/\/eltiosam.com.mx\/index.php\/wp-json\/wp\/v2\/media?parent=4300"}],"wp:term":[{"taxonomy":"product_brand","embeddable":true,"href":"https:\/\/eltiosam.com.mx\/index.php\/wp-json\/wp\/v2\/product_brand?post=4300"},{"taxonomy":"product_cat","embeddable":true,"href":"https:\/\/eltiosam.com.mx\/index.php\/wp-json\/wp\/v2\/product_cat?post=4300"},{"taxonomy":"product_tag","embeddable":true,"href":"https:\/\/eltiosam.com.mx\/index.php\/wp-json\/wp\/v2\/product_tag?post=4300"}],"curies":[{"name":"wp","href":"https:\/\/api.w.org\/{rel}","templated":true}]}}