{"id":4285,"date":"2023-11-15T21:57:00","date_gmt":"2023-11-15T21:57:00","guid":{"rendered":"http:\/\/eltiosam.com.mx\/index.php\/product\/tarja-de-submontar-eclipse-598\/"},"modified":"2024-02-26T17:38:25","modified_gmt":"2024-02-26T17:38:25","slug":"tarja-de-submontar-eclipse-598","status":"publish","type":"product","link":"https:\/\/eltiosam.com.mx\/index.php\/product\/tarja-de-submontar-eclipse-598\/","title":{"rendered":"TARJA DE SUBMONTAR ECLIPSE 598"},"content":{"rendered":"<div class=\"flex-1 overflow-hidden\">\n<div class=\"react-scroll-to-bottom--css-wvvtt-79elbk h-full\">\n<div class=\"react-scroll-to-bottom--css-wvvtt-1n7m0yu\">\n<div class=\"flex flex-col pb-9 text-sm\">\n<div class=\"w-full text-token-text-primary\" data-testid=\"conversation-turn-45\">\n<div class=\"px-4 py-2 justify-center text-base md:gap-6 m-auto\">\n<div class=\"flex flex-1 text-base mx-auto gap-3 md:px-5 lg:px-1 xl:px-5 md:max-w-3xl lg:max-w-[40rem] xl:max-w-[48rem] group final-completion\">\n<div class=\"relative flex w-full flex-col lg:w-[calc(100%-115px)] agent-turn\">\n<div class=\"flex-col gap-1 md:gap-3\">\n<div class=\"flex flex-grow flex-col max-w-full\">\n<div class=\"min-h-[20px] text-message flex flex-col items-start gap-3 whitespace-pre-wrap break-words [.text-message+&amp;]:mt-5 overflow-x-auto\" data-message-author-role=\"assistant\" data-message-id=\"84410691-ea91-4939-b5e9-3bb08ea0c427\">\n<div class=\"markdown prose w-full break-words dark:prose-invert light\">\n<p>La Tarja de Submontar Eclipse 598 es un organizador de bacha dise\u00f1ado para brindar funcionalidad y estilo a tu cocina.<\/p>\n<ul>\n<li><strong>Tipos de Instalaci\u00f3n:<\/strong> Submontar<\/li>\n<li><strong>Materiales:<\/strong> Acero inoxidable<\/li>\n<li><strong>Con Agujeros de Drenaje:<\/strong> S\u00ed<\/li>\n<li><strong>Dimensiones (Largo x Ancho):<\/strong> 108 cm x 52 cm<\/li>\n<\/ul>\n<\/div>\n<\/div>\n<\/div>\n<\/div>\n<\/div>\n<\/div>\n<\/div>\n<\/div>\n<\/div>\n<\/div>\n<\/div>\n<\/div>\n","protected":false},"excerpt":{"rendered":"<p>La Tarja de Submontar Eclipse 598 es un organizador de bacha dise\u00f1ado para brindar funcionalidad y estilo a tu cocina. Tipos de Instalaci\u00f3n: Submontar Materiales: Acero inoxidable Con Agujeros de Drenaje: S\u00ed Dimensiones (Largo x Ancho): 108 cm x 52 cm<\/p>\n","protected":false},"featured_media":5228,"template":"","meta":{"_joinchat":[]},"product_brand":[],"product_cat":[161,47,201,42],"product_tag":[48],"class_list":{"0":"post-4285","1":"product","2":"type-product","3":"status-publish","4":"has-post-thumbnail","6":"product_cat-best-selling-products","7":"product_cat-tarjas","8":"product_cat-tarjas-de-submontar","9":"product_cat-varios","10":"product_tag-eclipse","12":"first","13":"outofstock","14":"shipping-taxable","15":"purchasable","16":"product-type-simple"},"_links":{"self":[{"href":"https:\/\/eltiosam.com.mx\/index.php\/wp-json\/wp\/v2\/product\/4285","targetHints":{"allow":["GET"]}}],"collection":[{"href":"https:\/\/eltiosam.com.mx\/index.php\/wp-json\/wp\/v2\/product"}],"about":[{"href":"https:\/\/eltiosam.com.mx\/index.php\/wp-json\/wp\/v2\/types\/product"}],"wp:featuredmedia":[{"embeddable":true,"href":"https:\/\/eltiosam.com.mx\/index.php\/wp-json\/wp\/v2\/media\/5228"}],"wp:attachment":[{"href":"https:\/\/eltiosam.com.mx\/index.php\/wp-json\/wp\/v2\/media?parent=4285"}],"wp:term":[{"taxonomy":"product_brand","embeddable":true,"href":"https:\/\/eltiosam.com.mx\/index.php\/wp-json\/wp\/v2\/product_brand?post=4285"},{"taxonomy":"product_cat","embeddable":true,"href":"https:\/\/eltiosam.com.mx\/index.php\/wp-json\/wp\/v2\/product_cat?post=4285"},{"taxonomy":"product_tag","embeddable":true,"href":"https:\/\/eltiosam.com.mx\/index.php\/wp-json\/wp\/v2\/product_tag?post=4285"}],"curies":[{"name":"wp","href":"https:\/\/api.w.org\/{rel}","templated":true}]}}