{"id":4284,"date":"2023-11-15T21:56:59","date_gmt":"2023-11-15T21:56:59","guid":{"rendered":"http:\/\/eltiosam.com.mx\/index.php\/product\/tarja-de-submontar-eclipse-505\/"},"modified":"2024-02-26T17:35:04","modified_gmt":"2024-02-26T17:35:04","slug":"tarja-de-submontar-eclipse-505","status":"publish","type":"product","link":"https:\/\/eltiosam.com.mx\/index.php\/product\/tarja-de-submontar-eclipse-505\/","title":{"rendered":"TARJA DE SUBMONTAR ECLIPSE 505"},"content":{"rendered":"<p>La Tarja de Submontar Eclipse 505 es una opci\u00f3n elegante y funcional para tu cocina. Aqu\u00ed tienes m\u00e1s detalles sobre sus caracter\u00edsticas:<\/p>\n<p><strong>Caracter\u00edsticas:<\/strong><\/p>\n<ul>\n<li><strong>Acero Serie:<\/strong> 304<\/li>\n<li><strong>Calibre:<\/strong> 16 (indicando el grosor del acero)<\/li>\n<li><strong>Profundidades de Tarja:<\/strong> 228 mm y 139 mm<\/li>\n<li><strong>Acabado:<\/strong> Cepillado<\/li>\n<li><strong>Medida M\u00ednima de Gabinete:<\/strong> 110 cm<\/li>\n<\/ul>\n","protected":false},"excerpt":{"rendered":"<p>La Tarja de Submontar Eclipse 505 es una opci\u00f3n elegante y funcional para tu cocina. Aqu\u00ed tienes m\u00e1s detalles sobre sus caracter\u00edsticas: Caracter\u00edsticas: Acero Serie: 304 Calibre: 16 (indicando el grosor del acero) Profundidades de Tarja: 228 mm y 139 mm Acabado: Cepillado Medida M\u00ednima de Gabinete: 110 cm<\/p>\n","protected":false},"featured_media":5227,"template":"","meta":{"_joinchat":[]},"product_brand":[],"product_cat":[161,47,201,42],"product_tag":[48],"class_list":{"0":"post-4284","1":"product","2":"type-product","3":"status-publish","4":"has-post-thumbnail","6":"product_cat-best-selling-products","7":"product_cat-tarjas","8":"product_cat-tarjas-de-submontar","9":"product_cat-varios","10":"product_tag-eclipse","12":"first","13":"outofstock","14":"shipping-taxable","15":"purchasable","16":"product-type-simple"},"_links":{"self":[{"href":"https:\/\/eltiosam.com.mx\/index.php\/wp-json\/wp\/v2\/product\/4284","targetHints":{"allow":["GET"]}}],"collection":[{"href":"https:\/\/eltiosam.com.mx\/index.php\/wp-json\/wp\/v2\/product"}],"about":[{"href":"https:\/\/eltiosam.com.mx\/index.php\/wp-json\/wp\/v2\/types\/product"}],"wp:featuredmedia":[{"embeddable":true,"href":"https:\/\/eltiosam.com.mx\/index.php\/wp-json\/wp\/v2\/media\/5227"}],"wp:attachment":[{"href":"https:\/\/eltiosam.com.mx\/index.php\/wp-json\/wp\/v2\/media?parent=4284"}],"wp:term":[{"taxonomy":"product_brand","embeddable":true,"href":"https:\/\/eltiosam.com.mx\/index.php\/wp-json\/wp\/v2\/product_brand?post=4284"},{"taxonomy":"product_cat","embeddable":true,"href":"https:\/\/eltiosam.com.mx\/index.php\/wp-json\/wp\/v2\/product_cat?post=4284"},{"taxonomy":"product_tag","embeddable":true,"href":"https:\/\/eltiosam.com.mx\/index.php\/wp-json\/wp\/v2\/product_tag?post=4284"}],"curies":[{"name":"wp","href":"https:\/\/api.w.org\/{rel}","templated":true}]}}