{"id":4283,"date":"2023-11-15T21:56:54","date_gmt":"2023-11-15T21:56:54","guid":{"rendered":"http:\/\/eltiosam.com.mx\/index.php\/product\/tarja-de-submontar-eclipse-503hd\/"},"modified":"2024-02-26T17:33:05","modified_gmt":"2024-02-26T17:33:05","slug":"tarja-de-submontar-eclipse-503hd","status":"publish","type":"product","link":"https:\/\/eltiosam.com.mx\/index.php\/product\/tarja-de-submontar-eclipse-503hd\/","title":{"rendered":"TARJA DE SUBMONTAR ECLIPSE 503HD"},"content":{"rendered":"<p>La Tarja Eclipse Stainless Submontar 503HD es una opci\u00f3n de alta calidad para tu cocina. Aqu\u00ed tienes m\u00e1s detalles sobre sus caracter\u00edsticas:<\/p>\n<p><strong>Descripci\u00f3n:<\/strong><\/p>\n<ul>\n<li><strong>Tipo:<\/strong> Tarja de Submontar con 2 Cubetas<\/li>\n<li><strong>Acero Serie:<\/strong> 304<\/li>\n<li><strong>Calibres:<\/strong> 18 y 16 (indicando diferentes grosores del acero en diferentes partes de la tarja)<\/li>\n<li><strong>Profundidades de Tarja:<\/strong> 254 mm y 205 mm<\/li>\n<li><strong>Acabado:<\/strong> Cepillado<\/li>\n<li><strong>Instalaci\u00f3n:<\/strong> De Submontar<\/li>\n<li><strong>Medida M\u00ednima de Gabinete:<\/strong> 90 cm<\/li>\n<\/ul>\n<p><strong>Detalles Adicionales:<\/strong><\/p>\n<ul>\n<li><strong>Dise\u00f1o:<\/strong> Dise\u00f1o maestro con tecnolog\u00eda sin uniones para un aspecto elegante.<\/li>\n<li><strong>Tecnolog\u00eda en Acabados:<\/strong> Garantiza durabilidad y resistencia.<\/li>\n<li><strong>F\u00e1cil Mantenimiento:<\/strong> Incorpora tecnolog\u00eda de f\u00e1cil mantenimiento para una limpieza sencilla.<\/li>\n<li><strong>Medida M\u00ednima de Gabinete:<\/strong> 90 cm para una instalaci\u00f3n \u00f3ptima.<\/li>\n<\/ul>\n<p>&nbsp;<\/p>\n","protected":false},"excerpt":{"rendered":"<p>La Tarja Eclipse Stainless Submontar 503HD es una opci\u00f3n de alta calidad para tu cocina. Aqu\u00ed tienes m\u00e1s detalles sobre sus caracter\u00edsticas: Descripci\u00f3n: Tipo: Tarja de Submontar con 2 Cubetas Acero Serie: 304 Calibres: 18 y 16 (indicando diferentes grosores del acero en diferentes partes de la tarja) Profundidades de Tarja: 254 mm y 205 [&hellip;]<\/p>\n","protected":false},"featured_media":5226,"template":"","meta":{"_joinchat":[]},"product_brand":[],"product_cat":[161,47,201,42],"product_tag":[48],"class_list":{"0":"post-4283","1":"product","2":"type-product","3":"status-publish","4":"has-post-thumbnail","6":"product_cat-best-selling-products","7":"product_cat-tarjas","8":"product_cat-tarjas-de-submontar","9":"product_cat-varios","10":"product_tag-eclipse","12":"first","13":"outofstock","14":"shipping-taxable","15":"purchasable","16":"product-type-simple"},"_links":{"self":[{"href":"https:\/\/eltiosam.com.mx\/index.php\/wp-json\/wp\/v2\/product\/4283","targetHints":{"allow":["GET"]}}],"collection":[{"href":"https:\/\/eltiosam.com.mx\/index.php\/wp-json\/wp\/v2\/product"}],"about":[{"href":"https:\/\/eltiosam.com.mx\/index.php\/wp-json\/wp\/v2\/types\/product"}],"wp:featuredmedia":[{"embeddable":true,"href":"https:\/\/eltiosam.com.mx\/index.php\/wp-json\/wp\/v2\/media\/5226"}],"wp:attachment":[{"href":"https:\/\/eltiosam.com.mx\/index.php\/wp-json\/wp\/v2\/media?parent=4283"}],"wp:term":[{"taxonomy":"product_brand","embeddable":true,"href":"https:\/\/eltiosam.com.mx\/index.php\/wp-json\/wp\/v2\/product_brand?post=4283"},{"taxonomy":"product_cat","embeddable":true,"href":"https:\/\/eltiosam.com.mx\/index.php\/wp-json\/wp\/v2\/product_cat?post=4283"},{"taxonomy":"product_tag","embeddable":true,"href":"https:\/\/eltiosam.com.mx\/index.php\/wp-json\/wp\/v2\/product_tag?post=4283"}],"curies":[{"name":"wp","href":"https:\/\/api.w.org\/{rel}","templated":true}]}}