{"id":4282,"date":"2023-11-15T21:56:53","date_gmt":"2023-11-15T21:56:53","guid":{"rendered":"http:\/\/eltiosam.com.mx\/index.php\/product\/tarja-de-submontar-eclipse-3018\/"},"modified":"2024-02-26T17:26:13","modified_gmt":"2024-02-26T17:26:13","slug":"tarja-de-submontar-eclipse-3018","status":"publish","type":"product","link":"https:\/\/eltiosam.com.mx\/index.php\/product\/tarja-de-submontar-eclipse-3018\/","title":{"rendered":"TARJA DE SUBMONTAR ECLIPSE 3018"},"content":{"rendered":"<p>Si buscas elegancia y funcionalidad en tu cocina, la tarja de submontar Eclipse 3018 es una excelente opci\u00f3n. Aqu\u00ed tienes m\u00e1s detalles sobre sus caracter\u00edsticas:<\/p>\n<p><strong>Caracter\u00edsticas Principales:<\/strong><\/p>\n<ul>\n<li><strong>Tipo:<\/strong> Tarja de Submontar<\/li>\n<li><strong>Acero Serie:<\/strong> 304<\/li>\n<li><strong>Calibre:<\/strong> 18 (espesor del acero)<\/li>\n<li><strong>Profundidad de Tarja:<\/strong> 228 mm<\/li>\n<li><strong>Acabado:<\/strong> Cepillado<\/li>\n<li><strong>Instalaci\u00f3n:<\/strong> Submontar<\/li>\n<\/ul>\n","protected":false},"excerpt":{"rendered":"<p>Si buscas elegancia y funcionalidad en tu cocina, la tarja de submontar Eclipse 3018 es una excelente opci\u00f3n. Aqu\u00ed tienes m\u00e1s detalles sobre sus caracter\u00edsticas: Caracter\u00edsticas Principales: Tipo: Tarja de Submontar Acero Serie: 304 Calibre: 18 (espesor del acero) Profundidad de Tarja: 228 mm Acabado: Cepillado Instalaci\u00f3n: Submontar<\/p>\n","protected":false},"featured_media":5225,"template":"","meta":{"_joinchat":[]},"product_brand":[],"product_cat":[161,47,201,42],"product_tag":[48],"class_list":{"0":"post-4282","1":"product","2":"type-product","3":"status-publish","4":"has-post-thumbnail","6":"product_cat-best-selling-products","7":"product_cat-tarjas","8":"product_cat-tarjas-de-submontar","9":"product_cat-varios","10":"product_tag-eclipse","12":"first","13":"outofstock","14":"shipping-taxable","15":"purchasable","16":"product-type-simple"},"_links":{"self":[{"href":"https:\/\/eltiosam.com.mx\/index.php\/wp-json\/wp\/v2\/product\/4282","targetHints":{"allow":["GET"]}}],"collection":[{"href":"https:\/\/eltiosam.com.mx\/index.php\/wp-json\/wp\/v2\/product"}],"about":[{"href":"https:\/\/eltiosam.com.mx\/index.php\/wp-json\/wp\/v2\/types\/product"}],"wp:featuredmedia":[{"embeddable":true,"href":"https:\/\/eltiosam.com.mx\/index.php\/wp-json\/wp\/v2\/media\/5225"}],"wp:attachment":[{"href":"https:\/\/eltiosam.com.mx\/index.php\/wp-json\/wp\/v2\/media?parent=4282"}],"wp:term":[{"taxonomy":"product_brand","embeddable":true,"href":"https:\/\/eltiosam.com.mx\/index.php\/wp-json\/wp\/v2\/product_brand?post=4282"},{"taxonomy":"product_cat","embeddable":true,"href":"https:\/\/eltiosam.com.mx\/index.php\/wp-json\/wp\/v2\/product_cat?post=4282"},{"taxonomy":"product_tag","embeddable":true,"href":"https:\/\/eltiosam.com.mx\/index.php\/wp-json\/wp\/v2\/product_tag?post=4282"}],"curies":[{"name":"wp","href":"https:\/\/api.w.org\/{rel}","templated":true}]}}