{"id":4237,"date":"2023-11-15T21:56:32","date_gmt":"2023-11-15T21:56:32","guid":{"rendered":"http:\/\/eltiosam.com.mx\/index.php\/product\/secadora-whirlpool-7mwgd1730jq\/"},"modified":"2026-03-17T23:09:39","modified_gmt":"2026-03-17T23:09:39","slug":"secadora-whirlpool-7mwgd1730jq","status":"publish","type":"product","link":"https:\/\/eltiosam.com.mx\/index.php\/product\/secadora-whirlpool-7mwgd1730jq\/","title":{"rendered":"SECADORA WHIRLPOOL 7MWGD1730JQ"},"content":{"rendered":"<p><b>Descripci\u00f3n:<\/b><\/p>\n<ul>\n<li>Voltaje: 110-127 V<\/li>\n<li>Amperios: 6 A<\/li>\n<li>Ciclos: 14<\/li>\n<li>Certificaciones: 1 a\u00f1o de garant\u00eda en todas sus piezas, componentes y mano de obra.<\/li>\n<li>Idioma del Panel: Dual Language (Espa\u00f1ol\/Ingl\u00e9s)<\/li>\n<\/ul>\n<p>Esta secadora Whirlpool ofrece una variedad de opciones de secado, un sistema eficiente y un dise\u00f1o que facilita su uso. Es una excelente adici\u00f3n para el cuidado de tu ropa.<\/p>\n<p><syndigo-powerpage pageid=\"5140497\"><\/syndigo-powerpage><\/p>\n","protected":false},"excerpt":{"rendered":"<p>Descripci\u00f3n: Voltaje: 110-127 V Amperios: 6 A Ciclos: 14 Certificaciones: 1 a\u00f1o de garant\u00eda en todas sus piezas, componentes y mano de obra. Idioma del Panel: Dual Language (Espa\u00f1ol\/Ingl\u00e9s) Esta secadora Whirlpool ofrece una variedad de opciones de secado, un sistema eficiente y un dise\u00f1o que facilita su uso. Es una excelente adici\u00f3n para el [&hellip;]<\/p>\n","protected":false},"featured_media":5212,"template":"","meta":{"_joinchat":[]},"product_brand":[],"product_cat":[161,32,198],"product_tag":[204],"class_list":{"0":"post-4237","1":"product","2":"type-product","3":"status-publish","4":"has-post-thumbnail","6":"product_cat-best-selling-products","7":"product_cat-lavanderia","8":"product_cat-secadoras","9":"product_tag-whirlpool","11":"first","12":"outofstock","13":"shipping-taxable","14":"purchasable","15":"product-type-simple"},"_links":{"self":[{"href":"https:\/\/eltiosam.com.mx\/index.php\/wp-json\/wp\/v2\/product\/4237","targetHints":{"allow":["GET"]}}],"collection":[{"href":"https:\/\/eltiosam.com.mx\/index.php\/wp-json\/wp\/v2\/product"}],"about":[{"href":"https:\/\/eltiosam.com.mx\/index.php\/wp-json\/wp\/v2\/types\/product"}],"wp:featuredmedia":[{"embeddable":true,"href":"https:\/\/eltiosam.com.mx\/index.php\/wp-json\/wp\/v2\/media\/5212"}],"wp:attachment":[{"href":"https:\/\/eltiosam.com.mx\/index.php\/wp-json\/wp\/v2\/media?parent=4237"}],"wp:term":[{"taxonomy":"product_brand","embeddable":true,"href":"https:\/\/eltiosam.com.mx\/index.php\/wp-json\/wp\/v2\/product_brand?post=4237"},{"taxonomy":"product_cat","embeddable":true,"href":"https:\/\/eltiosam.com.mx\/index.php\/wp-json\/wp\/v2\/product_cat?post=4237"},{"taxonomy":"product_tag","embeddable":true,"href":"https:\/\/eltiosam.com.mx\/index.php\/wp-json\/wp\/v2\/product_tag?post=4237"}],"curies":[{"name":"wp","href":"https:\/\/api.w.org\/{rel}","templated":true}]}}