{"id":4232,"date":"2023-11-15T21:56:29","date_gmt":"2023-11-15T21:56:29","guid":{"rendered":"http:\/\/eltiosam.com.mx\/index.php\/product\/secadora-maytag-22kg-7mmgd6630hc\/"},"modified":"2024-02-26T16:45:56","modified_gmt":"2024-02-26T16:45:56","slug":"secadora-maytag-22kg-7mmgd6630hc","status":"publish","type":"product","link":"https:\/\/eltiosam.com.mx\/index.php\/product\/secadora-maytag-22kg-7mmgd6630hc\/","title":{"rendered":"SECADORA MAYTAG 22KG 7MMGD6630HC"},"content":{"rendered":"<p>Descripci\u00f3n:<\/p>\n<p>La secadora Maytag 22KG 7MMGD6630HC es un electrodom\u00e9stico de alta capacidad con diversas caracter\u00edsticas para el secado eficiente de la ropa. Esta secadora Maytag ofrece una capacidad generosa, diversas opciones de ciclos y caracter\u00edsticas como la puerta reversible y el filtro atrapa pelusa para mayor comodidad. Su dise\u00f1o en acero inoxidable y garant\u00eda extendida en el motor y la canasta son aspectos que destacan en cuanto a durabilidad y rendimiento a largo plazo.<\/p>\n","protected":false},"excerpt":{"rendered":"<p>Descripci\u00f3n: La secadora Maytag 22KG 7MMGD6630HC es un electrodom\u00e9stico de alta capacidad con diversas caracter\u00edsticas para el secado eficiente de la ropa. Esta secadora Maytag ofrece una capacidad generosa, diversas opciones de ciclos y caracter\u00edsticas como la puerta reversible y el filtro atrapa pelusa para mayor comodidad. Su dise\u00f1o en acero inoxidable y garant\u00eda extendida [&hellip;]<\/p>\n","protected":false},"featured_media":5208,"template":"","meta":{"_joinchat":[]},"product_brand":[],"product_cat":[161,32,198],"product_tag":[205],"class_list":{"0":"post-4232","1":"product","2":"type-product","3":"status-publish","4":"has-post-thumbnail","6":"product_cat-best-selling-products","7":"product_cat-lavanderia","8":"product_cat-secadoras","9":"product_tag-maytag","11":"first","12":"outofstock","13":"shipping-taxable","14":"purchasable","15":"product-type-simple"},"_links":{"self":[{"href":"https:\/\/eltiosam.com.mx\/index.php\/wp-json\/wp\/v2\/product\/4232","targetHints":{"allow":["GET"]}}],"collection":[{"href":"https:\/\/eltiosam.com.mx\/index.php\/wp-json\/wp\/v2\/product"}],"about":[{"href":"https:\/\/eltiosam.com.mx\/index.php\/wp-json\/wp\/v2\/types\/product"}],"wp:featuredmedia":[{"embeddable":true,"href":"https:\/\/eltiosam.com.mx\/index.php\/wp-json\/wp\/v2\/media\/5208"}],"wp:attachment":[{"href":"https:\/\/eltiosam.com.mx\/index.php\/wp-json\/wp\/v2\/media?parent=4232"}],"wp:term":[{"taxonomy":"product_brand","embeddable":true,"href":"https:\/\/eltiosam.com.mx\/index.php\/wp-json\/wp\/v2\/product_brand?post=4232"},{"taxonomy":"product_cat","embeddable":true,"href":"https:\/\/eltiosam.com.mx\/index.php\/wp-json\/wp\/v2\/product_cat?post=4232"},{"taxonomy":"product_tag","embeddable":true,"href":"https:\/\/eltiosam.com.mx\/index.php\/wp-json\/wp\/v2\/product_tag?post=4232"}],"curies":[{"name":"wp","href":"https:\/\/api.w.org\/{rel}","templated":true}]}}