{"id":4206,"date":"2023-11-15T21:56:17","date_gmt":"2023-11-15T21:56:17","guid":{"rendered":"http:\/\/eltiosam.com.mx\/index.php\/product\/secadora-mabe-20kg-smg26n5mnbab\/"},"modified":"2024-02-26T16:16:53","modified_gmt":"2024-02-26T16:16:53","slug":"secadora-mabe-20kg-smg26n5mnbab","status":"publish","type":"product","link":"https:\/\/eltiosam.com.mx\/index.php\/product\/secadora-mabe-20kg-smg26n5mnbab\/","title":{"rendered":"SECADORA MABE 20KG SMG26N5MNBAB"},"content":{"rendered":"<p>Descripci\u00f3n:<\/p>\n<p>La secadora Mabe 20KG SMG26N5MNBAB ofrece varias caracter\u00edsticas y programas dise\u00f1ados para brindar un rendimiento eficiente y conveniente en el secado de la ropa. La secadora Mabe 20KG SMG26N5MNBAB proporciona una capacidad de carga generosa, diversos programas de secado y funciones adicionales que facilitan el cuidado de la ropa.<\/p>\n","protected":false},"excerpt":{"rendered":"<p>Descripci\u00f3n: La secadora Mabe 20KG SMG26N5MNBAB ofrece varias caracter\u00edsticas y programas dise\u00f1ados para brindar un rendimiento eficiente y conveniente en el secado de la ropa. La secadora Mabe 20KG SMG26N5MNBAB proporciona una capacidad de carga generosa, diversos programas de secado y funciones adicionales que facilitan el cuidado de la ropa.<\/p>\n","protected":false},"featured_media":5196,"template":"","meta":{"_joinchat":[]},"product_brand":[],"product_cat":[161,32,198],"product_tag":[21],"class_list":{"0":"post-4206","1":"product","2":"type-product","3":"status-publish","4":"has-post-thumbnail","6":"product_cat-best-selling-products","7":"product_cat-lavanderia","8":"product_cat-secadoras","9":"product_tag-mabe","11":"first","12":"outofstock","13":"shipping-taxable","14":"purchasable","15":"product-type-simple"},"_links":{"self":[{"href":"https:\/\/eltiosam.com.mx\/index.php\/wp-json\/wp\/v2\/product\/4206","targetHints":{"allow":["GET"]}}],"collection":[{"href":"https:\/\/eltiosam.com.mx\/index.php\/wp-json\/wp\/v2\/product"}],"about":[{"href":"https:\/\/eltiosam.com.mx\/index.php\/wp-json\/wp\/v2\/types\/product"}],"wp:featuredmedia":[{"embeddable":true,"href":"https:\/\/eltiosam.com.mx\/index.php\/wp-json\/wp\/v2\/media\/5196"}],"wp:attachment":[{"href":"https:\/\/eltiosam.com.mx\/index.php\/wp-json\/wp\/v2\/media?parent=4206"}],"wp:term":[{"taxonomy":"product_brand","embeddable":true,"href":"https:\/\/eltiosam.com.mx\/index.php\/wp-json\/wp\/v2\/product_brand?post=4206"},{"taxonomy":"product_cat","embeddable":true,"href":"https:\/\/eltiosam.com.mx\/index.php\/wp-json\/wp\/v2\/product_cat?post=4206"},{"taxonomy":"product_tag","embeddable":true,"href":"https:\/\/eltiosam.com.mx\/index.php\/wp-json\/wp\/v2\/product_tag?post=4206"}],"curies":[{"name":"wp","href":"https:\/\/api.w.org\/{rel}","templated":true}]}}