{"id":4201,"date":"2023-11-15T21:56:12","date_gmt":"2023-11-15T21:56:12","guid":{"rendered":"http:\/\/eltiosam.com.mx\/index.php\/product\/secadora-asko-5-1p3-t411vdw\/"},"modified":"2024-02-26T04:46:18","modified_gmt":"2024-02-26T04:46:18","slug":"secadora-asko-5-1p3-t411vdw","status":"publish","type":"product","link":"https:\/\/eltiosam.com.mx\/index.php\/product\/secadora-asko-5-1p3-t411vdw\/","title":{"rendered":"SECADORA ASKO 5.1p3 T411VDW"},"content":{"rendered":"<p><strong>Descripci\u00f3n:<\/strong><\/p>\n<p>Con estas especificaciones, la secadora Asko 5.1p3 T411VDW ofrece una capacidad de secado de 5.1 pies c\u00fabicos, varias opciones de ciclo y caracter\u00edsticas adicionales como la capacidad de apilamiento, puerta reversible y tecnolog\u00edas espec\u00edficas para mejorar el rendimiento de secado.<\/p>\n","protected":false},"excerpt":{"rendered":"<p>Descripci\u00f3n: Con estas especificaciones, la secadora Asko 5.1p3 T411VDW ofrece una capacidad de secado de 5.1 pies c\u00fabicos, varias opciones de ciclo y caracter\u00edsticas adicionales como la capacidad de apilamiento, puerta reversible y tecnolog\u00edas espec\u00edficas para mejorar el rendimiento de secado.<\/p>\n","protected":false},"featured_media":5191,"template":"","meta":{"_joinchat":[]},"product_brand":[],"product_cat":[161,32,198],"product_tag":[77],"class_list":{"0":"post-4201","1":"product","2":"type-product","3":"status-publish","4":"has-post-thumbnail","6":"product_cat-best-selling-products","7":"product_cat-lavanderia","8":"product_cat-secadoras","9":"product_tag-asko","11":"first","12":"outofstock","13":"shipping-taxable","14":"purchasable","15":"product-type-simple"},"_links":{"self":[{"href":"https:\/\/eltiosam.com.mx\/index.php\/wp-json\/wp\/v2\/product\/4201","targetHints":{"allow":["GET"]}}],"collection":[{"href":"https:\/\/eltiosam.com.mx\/index.php\/wp-json\/wp\/v2\/product"}],"about":[{"href":"https:\/\/eltiosam.com.mx\/index.php\/wp-json\/wp\/v2\/types\/product"}],"wp:featuredmedia":[{"embeddable":true,"href":"https:\/\/eltiosam.com.mx\/index.php\/wp-json\/wp\/v2\/media\/5191"}],"wp:attachment":[{"href":"https:\/\/eltiosam.com.mx\/index.php\/wp-json\/wp\/v2\/media?parent=4201"}],"wp:term":[{"taxonomy":"product_brand","embeddable":true,"href":"https:\/\/eltiosam.com.mx\/index.php\/wp-json\/wp\/v2\/product_brand?post=4201"},{"taxonomy":"product_cat","embeddable":true,"href":"https:\/\/eltiosam.com.mx\/index.php\/wp-json\/wp\/v2\/product_cat?post=4201"},{"taxonomy":"product_tag","embeddable":true,"href":"https:\/\/eltiosam.com.mx\/index.php\/wp-json\/wp\/v2\/product_tag?post=4201"}],"curies":[{"name":"wp","href":"https:\/\/api.w.org\/{rel}","templated":true}]}}