{"id":4200,"date":"2023-11-15T21:56:11","date_gmt":"2023-11-15T21:56:11","guid":{"rendered":"http:\/\/eltiosam.com.mx\/index.php\/product\/refrigerador-whirlpool-wt1870a\/"},"modified":"2024-02-26T04:31:12","modified_gmt":"2024-02-26T04:31:12","slug":"refrigerador-whirlpool-wt1870a","status":"publish","type":"product","link":"https:\/\/eltiosam.com.mx\/index.php\/product\/refrigerador-whirlpool-wt1870a\/","title":{"rendered":"REFRIGERADOR WHIRLPOOL WT1870A"},"content":{"rendered":"<p>Descripci\u00f3n:<\/p>\n<p>El refrigerador Whirlpool WT1870A es un modelo de refrigerador autom\u00e1tico Top Mount con una capacidad de 503 litros (18 pies c\u00fabicos). El Whirlpool WT1870A ofrece un amplio espacio de almacenamiento, funciones de ahorro de energ\u00eda y comodidades adicionales como el dispensador de agua y f\u00e1brica de hielo manual. Adem\u00e1s, cuenta con una garant\u00eda de 3 a\u00f1os en el compresor y sistema de sellado para brindar tranquilidad al usuario.<\/p>\n","protected":false},"excerpt":{"rendered":"<p>Descripci\u00f3n: El refrigerador Whirlpool WT1870A es un modelo de refrigerador autom\u00e1tico Top Mount con una capacidad de 503 litros (18 pies c\u00fabicos). El Whirlpool WT1870A ofrece un amplio espacio de almacenamiento, funciones de ahorro de energ\u00eda y comodidades adicionales como el dispensador de agua y f\u00e1brica de hielo manual. Adem\u00e1s, cuenta con una garant\u00eda de [&hellip;]<\/p>\n","protected":false},"featured_media":5188,"template":"","meta":{"_joinchat":[]},"product_brand":[],"product_cat":[161,20,194,41],"product_tag":[204],"class_list":{"0":"post-4200","1":"product","2":"type-product","3":"status-publish","4":"has-post-thumbnail","6":"product_cat-best-selling-products","7":"product_cat-refrigeracion","8":"product_cat-refrigerador-congelador-superior","9":"product_cat-refrigeradores","10":"product_tag-whirlpool","12":"first","13":"outofstock","14":"shipping-taxable","15":"purchasable","16":"product-type-simple"},"_links":{"self":[{"href":"https:\/\/eltiosam.com.mx\/index.php\/wp-json\/wp\/v2\/product\/4200","targetHints":{"allow":["GET"]}}],"collection":[{"href":"https:\/\/eltiosam.com.mx\/index.php\/wp-json\/wp\/v2\/product"}],"about":[{"href":"https:\/\/eltiosam.com.mx\/index.php\/wp-json\/wp\/v2\/types\/product"}],"wp:featuredmedia":[{"embeddable":true,"href":"https:\/\/eltiosam.com.mx\/index.php\/wp-json\/wp\/v2\/media\/5188"}],"wp:attachment":[{"href":"https:\/\/eltiosam.com.mx\/index.php\/wp-json\/wp\/v2\/media?parent=4200"}],"wp:term":[{"taxonomy":"product_brand","embeddable":true,"href":"https:\/\/eltiosam.com.mx\/index.php\/wp-json\/wp\/v2\/product_brand?post=4200"},{"taxonomy":"product_cat","embeddable":true,"href":"https:\/\/eltiosam.com.mx\/index.php\/wp-json\/wp\/v2\/product_cat?post=4200"},{"taxonomy":"product_tag","embeddable":true,"href":"https:\/\/eltiosam.com.mx\/index.php\/wp-json\/wp\/v2\/product_tag?post=4200"}],"curies":[{"name":"wp","href":"https:\/\/api.w.org\/{rel}","templated":true}]}}