{"id":4192,"date":"2023-11-15T21:56:06","date_gmt":"2023-11-15T21:56:06","guid":{"rendered":"http:\/\/eltiosam.com.mx\/index.php\/product\/refrigerador-whirlpool-wsr57r18dm\/"},"modified":"2024-02-26T04:25:22","modified_gmt":"2024-02-26T04:25:22","slug":"refrigerador-whirlpool-wsr57r18dm","status":"publish","type":"product","link":"https:\/\/eltiosam.com.mx\/index.php\/product\/refrigerador-whirlpool-wsr57r18dm\/","title":{"rendered":"REFRIGERADOR WHIRLPOOL WSR57R18DM"},"content":{"rendered":"<p>Descripci\u00f3n:<\/p>\n<p>Este modelo de Whirlpool, enfocado en proporcionar un almacenamiento eficiente con su dise\u00f1o exclusivo de refrigerador, se destaca por su capacidad espaciosa y su sistema de iluminaci\u00f3n LED. Aunque no cuenta con dispensador de hielo o agua y no es Energy Star, ofrece caracter\u00edsticas \u00fatiles como estantes de vidrio y pies ajustables, adecuado para aquellos que buscan un refrigerador de gran capacidad con un dise\u00f1o sencillo y elegante\u200b\u200b\u200b\u200b\u200b\u200b\u200b\u200b\u200b\u200b.<\/p>\n","protected":false},"excerpt":{"rendered":"<p>Descripci\u00f3n: Este modelo de Whirlpool, enfocado en proporcionar un almacenamiento eficiente con su dise\u00f1o exclusivo de refrigerador, se destaca por su capacidad espaciosa y su sistema de iluminaci\u00f3n LED. Aunque no cuenta con dispensador de hielo o agua y no es Energy Star, ofrece caracter\u00edsticas \u00fatiles como estantes de vidrio y pies ajustables, adecuado para [&hellip;]<\/p>\n","protected":false},"featured_media":5182,"template":"","meta":{"_joinchat":[]},"product_brand":[],"product_cat":[161,188,20,41],"product_tag":[204],"class_list":{"0":"post-4192","1":"product","2":"type-product","3":"status-publish","4":"has-post-thumbnail","6":"product_cat-best-selling-products","7":"product_cat-parejas-de-refrigeracion","8":"product_cat-refrigeracion","9":"product_cat-refrigeradores","10":"product_tag-whirlpool","12":"first","13":"outofstock","14":"shipping-taxable","15":"purchasable","16":"product-type-simple"},"_links":{"self":[{"href":"https:\/\/eltiosam.com.mx\/index.php\/wp-json\/wp\/v2\/product\/4192","targetHints":{"allow":["GET"]}}],"collection":[{"href":"https:\/\/eltiosam.com.mx\/index.php\/wp-json\/wp\/v2\/product"}],"about":[{"href":"https:\/\/eltiosam.com.mx\/index.php\/wp-json\/wp\/v2\/types\/product"}],"wp:featuredmedia":[{"embeddable":true,"href":"https:\/\/eltiosam.com.mx\/index.php\/wp-json\/wp\/v2\/media\/5182"}],"wp:attachment":[{"href":"https:\/\/eltiosam.com.mx\/index.php\/wp-json\/wp\/v2\/media?parent=4192"}],"wp:term":[{"taxonomy":"product_brand","embeddable":true,"href":"https:\/\/eltiosam.com.mx\/index.php\/wp-json\/wp\/v2\/product_brand?post=4192"},{"taxonomy":"product_cat","embeddable":true,"href":"https:\/\/eltiosam.com.mx\/index.php\/wp-json\/wp\/v2\/product_cat?post=4192"},{"taxonomy":"product_tag","embeddable":true,"href":"https:\/\/eltiosam.com.mx\/index.php\/wp-json\/wp\/v2\/product_tag?post=4192"}],"curies":[{"name":"wp","href":"https:\/\/api.w.org\/{rel}","templated":true}]}}