{"id":4181,"date":"2023-11-15T21:55:59","date_gmt":"2023-11-15T21:55:59","guid":{"rendered":"http:\/\/eltiosam.com.mx\/index.php\/product\/refrigerador-whirlpool-wd1006s\/"},"modified":"2024-02-26T04:10:48","modified_gmt":"2024-02-26T04:10:48","slug":"refrigerador-whirlpool-wd1006s","status":"publish","type":"product","link":"https:\/\/eltiosam.com.mx\/index.php\/product\/refrigerador-whirlpool-wd1006s\/","title":{"rendered":"REFRIGERADOR WHIRLPOOL WD1006S"},"content":{"rendered":"<h3>Descripci\u00f3n:<\/h3>\n<p>Este modelo de Whirlpool ofrece una combinaci\u00f3n de tecnolog\u00eda avanzada y dise\u00f1o elegante, adecuado para cocinas modernas con su estilo Side by Side y capacidad espaciosa. Su sistema de enfriamiento Accu-Chill y filtro de agua PUR son destacables, junto con la eficiencia energ\u00e9tica proporcionada por la tecnolog\u00eda Xpert Inverter\u200b\u200b\u200b\u200b\u200b\u200b\u200b\u200b.<\/p>\n","protected":false},"excerpt":{"rendered":"<p>Descripci\u00f3n: Este modelo de Whirlpool ofrece una combinaci\u00f3n de tecnolog\u00eda avanzada y dise\u00f1o elegante, adecuado para cocinas modernas con su estilo Side by Side y capacidad espaciosa. Su sistema de enfriamiento Accu-Chill y filtro de agua PUR son destacables, junto con la eficiencia energ\u00e9tica proporcionada por la tecnolog\u00eda Xpert Inverter\u200b\u200b\u200b\u200b\u200b\u200b\u200b\u200b.<\/p>\n","protected":false},"featured_media":5171,"template":"","meta":{"_joinchat":[]},"product_brand":[],"product_cat":[161,20,195,41],"product_tag":[204],"class_list":{"0":"post-4181","1":"product","2":"type-product","3":"status-publish","4":"has-post-thumbnail","6":"product_cat-best-selling-products","7":"product_cat-refrigeracion","8":"product_cat-refrigerador-duplex","9":"product_cat-refrigeradores","10":"product_tag-whirlpool","12":"first","13":"outofstock","14":"shipping-taxable","15":"purchasable","16":"product-type-simple"},"_links":{"self":[{"href":"https:\/\/eltiosam.com.mx\/index.php\/wp-json\/wp\/v2\/product\/4181","targetHints":{"allow":["GET"]}}],"collection":[{"href":"https:\/\/eltiosam.com.mx\/index.php\/wp-json\/wp\/v2\/product"}],"about":[{"href":"https:\/\/eltiosam.com.mx\/index.php\/wp-json\/wp\/v2\/types\/product"}],"wp:featuredmedia":[{"embeddable":true,"href":"https:\/\/eltiosam.com.mx\/index.php\/wp-json\/wp\/v2\/media\/5171"}],"wp:attachment":[{"href":"https:\/\/eltiosam.com.mx\/index.php\/wp-json\/wp\/v2\/media?parent=4181"}],"wp:term":[{"taxonomy":"product_brand","embeddable":true,"href":"https:\/\/eltiosam.com.mx\/index.php\/wp-json\/wp\/v2\/product_brand?post=4181"},{"taxonomy":"product_cat","embeddable":true,"href":"https:\/\/eltiosam.com.mx\/index.php\/wp-json\/wp\/v2\/product_cat?post=4181"},{"taxonomy":"product_tag","embeddable":true,"href":"https:\/\/eltiosam.com.mx\/index.php\/wp-json\/wp\/v2\/product_tag?post=4181"}],"curies":[{"name":"wp","href":"https:\/\/api.w.org\/{rel}","templated":true}]}}