{"id":4180,"date":"2023-11-15T21:55:58","date_gmt":"2023-11-15T21:55:58","guid":{"rendered":"http:\/\/eltiosam.com.mx\/index.php\/product\/refrigerador-whirlpool-wb1331a\/"},"modified":"2024-02-26T04:11:48","modified_gmt":"2024-02-26T04:11:48","slug":"refrigerador-whirlpool-wb1331a","status":"publish","type":"product","link":"https:\/\/eltiosam.com.mx\/index.php\/product\/refrigerador-whirlpool-wb1331a\/","title":{"rendered":"REFRIGERADOR WHIRLPOOL WB1331A"},"content":{"rendered":"<p><strong>Descripci\u00f3n:<\/strong><\/p>\n<p>Whirlpool ofrece un refrigerador tipo <em>bottom mount<\/em> dise\u00f1ado para optimizar el espacio de tu hogar y mejorar la calidad de vida. Con una capacidad de 13 pies c\u00fabicos, es ideal para familias peque\u00f1as. Su elegante exterior de acero inoxidable es resistente a huellas dactilares, manteniendo la limpieza.<\/p>\n<p>&nbsp;<\/p>\n","protected":false},"excerpt":{"rendered":"<p>Descripci\u00f3n: Whirlpool ofrece un refrigerador tipo bottom mount dise\u00f1ado para optimizar el espacio de tu hogar y mejorar la calidad de vida. Con una capacidad de 13 pies c\u00fabicos, es ideal para familias peque\u00f1as. Su elegante exterior de acero inoxidable es resistente a huellas dactilares, manteniendo la limpieza. &nbsp;<\/p>\n","protected":false},"featured_media":5168,"template":"","meta":{"_joinchat":[]},"product_brand":[],"product_cat":[161,20,193,41],"product_tag":[204],"class_list":{"0":"post-4180","1":"product","2":"type-product","3":"status-publish","4":"has-post-thumbnail","6":"product_cat-best-selling-products","7":"product_cat-refrigeracion","8":"product_cat-refrigerador-congelador-inferior","9":"product_cat-refrigeradores","10":"product_tag-whirlpool","12":"first","13":"outofstock","14":"shipping-taxable","15":"purchasable","16":"product-type-simple"},"_links":{"self":[{"href":"https:\/\/eltiosam.com.mx\/index.php\/wp-json\/wp\/v2\/product\/4180","targetHints":{"allow":["GET"]}}],"collection":[{"href":"https:\/\/eltiosam.com.mx\/index.php\/wp-json\/wp\/v2\/product"}],"about":[{"href":"https:\/\/eltiosam.com.mx\/index.php\/wp-json\/wp\/v2\/types\/product"}],"wp:featuredmedia":[{"embeddable":true,"href":"https:\/\/eltiosam.com.mx\/index.php\/wp-json\/wp\/v2\/media\/5168"}],"wp:attachment":[{"href":"https:\/\/eltiosam.com.mx\/index.php\/wp-json\/wp\/v2\/media?parent=4180"}],"wp:term":[{"taxonomy":"product_brand","embeddable":true,"href":"https:\/\/eltiosam.com.mx\/index.php\/wp-json\/wp\/v2\/product_brand?post=4180"},{"taxonomy":"product_cat","embeddable":true,"href":"https:\/\/eltiosam.com.mx\/index.php\/wp-json\/wp\/v2\/product_cat?post=4180"},{"taxonomy":"product_tag","embeddable":true,"href":"https:\/\/eltiosam.com.mx\/index.php\/wp-json\/wp\/v2\/product_tag?post=4180"}],"curies":[{"name":"wp","href":"https:\/\/api.w.org\/{rel}","templated":true}]}}