{"id":4150,"date":"2023-11-15T21:55:36","date_gmt":"2023-11-15T21:55:36","guid":{"rendered":"http:\/\/eltiosam.com.mx\/index.php\/product\/refrigerador-monogram-ziss420dnss\/"},"modified":"2024-02-26T02:06:05","modified_gmt":"2024-02-26T02:06:05","slug":"refrigerador-monogram-ziss420dnss","status":"publish","type":"product","link":"https:\/\/eltiosam.com.mx\/index.php\/product\/refrigerador-monogram-ziss420dnss\/","title":{"rendered":"REFRIGERADOR MONOGRAM ZISS420DNSS"},"content":{"rendered":"<p><strong>Descripci\u00f3n:<\/strong><\/p>\n<ul>\n<li>Refrigerador inteligente empotrado de lado a lado de 42 pulgadas con dispensador.<\/li>\n<li>Puede ser gestionado a trav\u00e9s de una aplicaci\u00f3n de tel\u00e9fono inteligente gracias a su conectividad Wi-Fi.<\/li>\n<li>Dispensador externo que proporciona agua potable limpia y hielo.<\/li>\n<li>Capacidad total de 24.6 pies c\u00fabicos.<\/li>\n<li>Dispone de caj\u00f3n de control de clima y caj\u00f3n para fiambres en deslizadores de extensi\u00f3n completa.<\/li>\n<\/ul>\n","protected":false},"excerpt":{"rendered":"<p>Descripci\u00f3n: Refrigerador inteligente empotrado de lado a lado de 42 pulgadas con dispensador. Puede ser gestionado a trav\u00e9s de una aplicaci\u00f3n de tel\u00e9fono inteligente gracias a su conectividad Wi-Fi. Dispensador externo que proporciona agua potable limpia y hielo. Capacidad total de 24.6 pies c\u00fabicos. Dispone de caj\u00f3n de control de clima y caj\u00f3n para fiambres [&hellip;]<\/p>\n","protected":false},"featured_media":5135,"template":"","meta":{"_joinchat":[]},"product_brand":[],"product_cat":[161,20,195,41],"product_tag":[79],"class_list":{"0":"post-4150","1":"product","2":"type-product","3":"status-publish","4":"has-post-thumbnail","6":"product_cat-best-selling-products","7":"product_cat-refrigeracion","8":"product_cat-refrigerador-duplex","9":"product_cat-refrigeradores","10":"product_tag-monogram","12":"first","13":"outofstock","14":"shipping-taxable","15":"purchasable","16":"product-type-simple"},"_links":{"self":[{"href":"https:\/\/eltiosam.com.mx\/index.php\/wp-json\/wp\/v2\/product\/4150","targetHints":{"allow":["GET"]}}],"collection":[{"href":"https:\/\/eltiosam.com.mx\/index.php\/wp-json\/wp\/v2\/product"}],"about":[{"href":"https:\/\/eltiosam.com.mx\/index.php\/wp-json\/wp\/v2\/types\/product"}],"wp:featuredmedia":[{"embeddable":true,"href":"https:\/\/eltiosam.com.mx\/index.php\/wp-json\/wp\/v2\/media\/5135"}],"wp:attachment":[{"href":"https:\/\/eltiosam.com.mx\/index.php\/wp-json\/wp\/v2\/media?parent=4150"}],"wp:term":[{"taxonomy":"product_brand","embeddable":true,"href":"https:\/\/eltiosam.com.mx\/index.php\/wp-json\/wp\/v2\/product_brand?post=4150"},{"taxonomy":"product_cat","embeddable":true,"href":"https:\/\/eltiosam.com.mx\/index.php\/wp-json\/wp\/v2\/product_cat?post=4150"},{"taxonomy":"product_tag","embeddable":true,"href":"https:\/\/eltiosam.com.mx\/index.php\/wp-json\/wp\/v2\/product_tag?post=4150"}],"curies":[{"name":"wp","href":"https:\/\/api.w.org\/{rel}","templated":true}]}}