{"id":4144,"date":"2023-11-15T21:55:32","date_gmt":"2023-11-15T21:55:32","guid":{"rendered":"http:\/\/eltiosam.com.mx\/index.php\/product\/refrigerador-monogram-zids240nss\/"},"modified":"2024-02-26T01:45:12","modified_gmt":"2024-02-26T01:45:12","slug":"refrigerador-monogram-zids240nss","status":"publish","type":"product","link":"https:\/\/eltiosam.com.mx\/index.php\/product\/refrigerador-monogram-zids240nss\/","title":{"rendered":"REFRIGERADOR MONOGRAM ZIDS240NSS"},"content":{"rendered":"<p>Descripci\u00f3n:<\/p>\n<p>El refrigerador Monogram ZIDS240NSS es un modelo empotrado de dos cajones con una capacidad de 5.0 pies c\u00fabicos. Este refrigerador Monogram combina estilo elegante con caracter\u00edsticas pr\u00e1cticas y flexibilidad de almacenamiento, brindando una experiencia de alta gama en electrodom\u00e9sticos.<\/p>\n","protected":false},"excerpt":{"rendered":"<p>Descripci\u00f3n: El refrigerador Monogram ZIDS240NSS es un modelo empotrado de dos cajones con una capacidad de 5.0 pies c\u00fabicos. Este refrigerador Monogram combina estilo elegante con caracter\u00edsticas pr\u00e1cticas y flexibilidad de almacenamiento, brindando una experiencia de alta gama en electrodom\u00e9sticos.<\/p>\n","protected":false},"featured_media":5127,"template":"","meta":{"_joinchat":[]},"product_brand":[],"product_cat":[161,163,20,41],"product_tag":[79],"class_list":{"0":"post-4144","1":"product","2":"type-product","3":"status-publish","4":"has-post-thumbnail","6":"product_cat-best-selling-products","7":"product_cat-cajones-frios","8":"product_cat-refrigeracion","9":"product_cat-refrigeradores","10":"product_tag-monogram","12":"first","13":"outofstock","14":"shipping-taxable","15":"purchasable","16":"product-type-simple"},"_links":{"self":[{"href":"https:\/\/eltiosam.com.mx\/index.php\/wp-json\/wp\/v2\/product\/4144","targetHints":{"allow":["GET"]}}],"collection":[{"href":"https:\/\/eltiosam.com.mx\/index.php\/wp-json\/wp\/v2\/product"}],"about":[{"href":"https:\/\/eltiosam.com.mx\/index.php\/wp-json\/wp\/v2\/types\/product"}],"wp:featuredmedia":[{"embeddable":true,"href":"https:\/\/eltiosam.com.mx\/index.php\/wp-json\/wp\/v2\/media\/5127"}],"wp:attachment":[{"href":"https:\/\/eltiosam.com.mx\/index.php\/wp-json\/wp\/v2\/media?parent=4144"}],"wp:term":[{"taxonomy":"product_brand","embeddable":true,"href":"https:\/\/eltiosam.com.mx\/index.php\/wp-json\/wp\/v2\/product_brand?post=4144"},{"taxonomy":"product_cat","embeddable":true,"href":"https:\/\/eltiosam.com.mx\/index.php\/wp-json\/wp\/v2\/product_cat?post=4144"},{"taxonomy":"product_tag","embeddable":true,"href":"https:\/\/eltiosam.com.mx\/index.php\/wp-json\/wp\/v2\/product_tag?post=4144"}],"curies":[{"name":"wp","href":"https:\/\/api.w.org\/{rel}","templated":true}]}}