{"id":4123,"date":"2023-11-15T21:55:29","date_gmt":"2023-11-15T21:55:29","guid":{"rendered":"http:\/\/eltiosam.com.mx\/index.php\/product\/refrigerador-maytag-25p3-mfi2570fez\/"},"modified":"2024-02-26T01:40:18","modified_gmt":"2024-02-26T01:40:18","slug":"refrigerador-maytag-25p3-mfi2570fez","status":"publish","type":"product","link":"https:\/\/eltiosam.com.mx\/index.php\/product\/refrigerador-maytag-25p3-mfi2570fez\/","title":{"rendered":"REFRIGERADOR MAYTAG 25p3 MFI2570FEZ"},"content":{"rendered":"<h3>Descripci\u00f3n:<\/h3>\n<p>Este refrigerador ofrece un dise\u00f1o elegante, capacidad amplia, y varias caracter\u00edsticas convenientes para mantener los alimentos frescos y bien organizados. La tecnolog\u00eda PowerCold y la iluminaci\u00f3n LED son aspectos destacados que contribuyen a su eficiencia y comodidad.<\/p>\n","protected":false},"excerpt":{"rendered":"<p>Descripci\u00f3n: Este refrigerador ofrece un dise\u00f1o elegante, capacidad amplia, y varias caracter\u00edsticas convenientes para mantener los alimentos frescos y bien organizados. La tecnolog\u00eda PowerCold y la iluminaci\u00f3n LED son aspectos destacados que contribuyen a su eficiencia y comodidad.<\/p>\n","protected":false},"featured_media":5123,"template":"","meta":{"_joinchat":[]},"product_brand":[],"product_cat":[161,20,193,41],"product_tag":[205],"class_list":{"0":"post-4123","1":"product","2":"type-product","3":"status-publish","4":"has-post-thumbnail","6":"product_cat-best-selling-products","7":"product_cat-refrigeracion","8":"product_cat-refrigerador-congelador-inferior","9":"product_cat-refrigeradores","10":"product_tag-maytag","12":"first","13":"outofstock","14":"shipping-taxable","15":"purchasable","16":"product-type-simple"},"_links":{"self":[{"href":"https:\/\/eltiosam.com.mx\/index.php\/wp-json\/wp\/v2\/product\/4123","targetHints":{"allow":["GET"]}}],"collection":[{"href":"https:\/\/eltiosam.com.mx\/index.php\/wp-json\/wp\/v2\/product"}],"about":[{"href":"https:\/\/eltiosam.com.mx\/index.php\/wp-json\/wp\/v2\/types\/product"}],"wp:featuredmedia":[{"embeddable":true,"href":"https:\/\/eltiosam.com.mx\/index.php\/wp-json\/wp\/v2\/media\/5123"}],"wp:attachment":[{"href":"https:\/\/eltiosam.com.mx\/index.php\/wp-json\/wp\/v2\/media?parent=4123"}],"wp:term":[{"taxonomy":"product_brand","embeddable":true,"href":"https:\/\/eltiosam.com.mx\/index.php\/wp-json\/wp\/v2\/product_brand?post=4123"},{"taxonomy":"product_cat","embeddable":true,"href":"https:\/\/eltiosam.com.mx\/index.php\/wp-json\/wp\/v2\/product_cat?post=4123"},{"taxonomy":"product_tag","embeddable":true,"href":"https:\/\/eltiosam.com.mx\/index.php\/wp-json\/wp\/v2\/product_tag?post=4123"}],"curies":[{"name":"wp","href":"https:\/\/api.w.org\/{rel}","templated":true}]}}