{"id":3958,"date":"2023-11-15T21:54:44","date_gmt":"2023-11-15T21:54:44","guid":{"rendered":"http:\/\/eltiosam.com.mx\/index.php\/product\/refrigerador-kitchen-aid-krmf706ess\/"},"modified":"2024-02-26T00:33:55","modified_gmt":"2024-02-26T00:33:55","slug":"refrigerador-kitchen-aid-krmf706ess","status":"publish","type":"product","link":"https:\/\/eltiosam.com.mx\/index.php\/product\/refrigerador-kitchen-aid-krmf706ess\/","title":{"rendered":"REFRIGERADOR KITCHEN AID KRMF706ESS"},"content":{"rendered":"<p>Descripci\u00f3n:<\/p>\n<p>El refrigerador KitchenAid KRMF706ESS es un modelo de puerta francesa de 5 puertas que ofrece una \u00f3ptima organizaci\u00f3n y m\u00faltiples caracter\u00edsticas avanzadas. Este refrigerador KitchenAid ofrece un dise\u00f1o elegante y caracter\u00edsticas avanzadas para proporcionar una \u00f3ptima organizaci\u00f3n y mantener la frescura de los alimentos.<\/p>\n","protected":false},"excerpt":{"rendered":"<p>Descripci\u00f3n: El refrigerador KitchenAid KRMF706ESS es un modelo de puerta francesa de 5 puertas que ofrece una \u00f3ptima organizaci\u00f3n y m\u00faltiples caracter\u00edsticas avanzadas. Este refrigerador KitchenAid ofrece un dise\u00f1o elegante y caracter\u00edsticas avanzadas para proporcionar una \u00f3ptima organizaci\u00f3n y mantener la frescura de los alimentos.<\/p>\n","protected":false},"featured_media":5054,"template":"","meta":{"_joinchat":[]},"product_brand":[],"product_cat":[161,20,193,41],"product_tag":[39],"class_list":{"0":"post-3958","1":"product","2":"type-product","3":"status-publish","4":"has-post-thumbnail","6":"product_cat-best-selling-products","7":"product_cat-refrigeracion","8":"product_cat-refrigerador-congelador-inferior","9":"product_cat-refrigeradores","10":"product_tag-kitchen-aid","12":"first","13":"outofstock","14":"shipping-taxable","15":"purchasable","16":"product-type-simple"},"_links":{"self":[{"href":"https:\/\/eltiosam.com.mx\/index.php\/wp-json\/wp\/v2\/product\/3958","targetHints":{"allow":["GET"]}}],"collection":[{"href":"https:\/\/eltiosam.com.mx\/index.php\/wp-json\/wp\/v2\/product"}],"about":[{"href":"https:\/\/eltiosam.com.mx\/index.php\/wp-json\/wp\/v2\/types\/product"}],"wp:featuredmedia":[{"embeddable":true,"href":"https:\/\/eltiosam.com.mx\/index.php\/wp-json\/wp\/v2\/media\/5054"}],"wp:attachment":[{"href":"https:\/\/eltiosam.com.mx\/index.php\/wp-json\/wp\/v2\/media?parent=3958"}],"wp:term":[{"taxonomy":"product_brand","embeddable":true,"href":"https:\/\/eltiosam.com.mx\/index.php\/wp-json\/wp\/v2\/product_brand?post=3958"},{"taxonomy":"product_cat","embeddable":true,"href":"https:\/\/eltiosam.com.mx\/index.php\/wp-json\/wp\/v2\/product_cat?post=3958"},{"taxonomy":"product_tag","embeddable":true,"href":"https:\/\/eltiosam.com.mx\/index.php\/wp-json\/wp\/v2\/product_tag?post=3958"}],"curies":[{"name":"wp","href":"https:\/\/api.w.org\/{rel}","templated":true}]}}