{"id":3911,"date":"2023-11-15T21:54:26","date_gmt":"2023-11-15T21:54:26","guid":{"rendered":"http:\/\/eltiosam.com.mx\/index.php\/product\/refrigerador-haier-17p3-hqm458bknss\/"},"modified":"2024-02-24T20:39:51","modified_gmt":"2024-02-24T20:39:51","slug":"refrigerador-haier-17p3-hqm458bknss","status":"publish","type":"product","link":"https:\/\/eltiosam.com.mx\/index.php\/product\/refrigerador-haier-17p3-hqm458bknss\/","title":{"rendered":"REFRIGERADOR HAIER 17p3 HQM458BKNSS"},"content":{"rendered":"<p><strong>Descripci\u00f3n:<\/strong><\/p>\n<p>El refrigerador Haier HQM458BKNSS presenta varias caracter\u00edsticas avanzadas que mejoran la conservaci\u00f3n de los alimentos. Con tecnolog\u00edas como la Antibacteriana, DryZone y HumidityZone, este refrigerador Haier ofrece un ambiente \u00f3ptimo para conservar tus alimentos frescos y saludables. Adem\u00e1s, su dise\u00f1o moderno y funcionalidades avanzadas hacen de \u00e9l una opci\u00f3n atractiva para cualquier hogar.<\/p>\n","protected":false},"excerpt":{"rendered":"<p>Descripci\u00f3n: El refrigerador Haier HQM458BKNSS presenta varias caracter\u00edsticas avanzadas que mejoran la conservaci\u00f3n de los alimentos. Con tecnolog\u00edas como la Antibacteriana, DryZone y HumidityZone, este refrigerador Haier ofrece un ambiente \u00f3ptimo para conservar tus alimentos frescos y saludables. Adem\u00e1s, su dise\u00f1o moderno y funcionalidades avanzadas hacen de \u00e9l una opci\u00f3n atractiva para cualquier hogar.<\/p>\n","protected":false},"featured_media":5027,"template":"","meta":{"_joinchat":[]},"product_brand":[],"product_cat":[161,20,193,41],"product_tag":[59],"class_list":{"0":"post-3911","1":"product","2":"type-product","3":"status-publish","4":"has-post-thumbnail","6":"product_cat-best-selling-products","7":"product_cat-refrigeracion","8":"product_cat-refrigerador-congelador-inferior","9":"product_cat-refrigeradores","10":"product_tag-haier","12":"first","13":"outofstock","14":"shipping-taxable","15":"purchasable","16":"product-type-simple"},"_links":{"self":[{"href":"https:\/\/eltiosam.com.mx\/index.php\/wp-json\/wp\/v2\/product\/3911","targetHints":{"allow":["GET"]}}],"collection":[{"href":"https:\/\/eltiosam.com.mx\/index.php\/wp-json\/wp\/v2\/product"}],"about":[{"href":"https:\/\/eltiosam.com.mx\/index.php\/wp-json\/wp\/v2\/types\/product"}],"wp:featuredmedia":[{"embeddable":true,"href":"https:\/\/eltiosam.com.mx\/index.php\/wp-json\/wp\/v2\/media\/5027"}],"wp:attachment":[{"href":"https:\/\/eltiosam.com.mx\/index.php\/wp-json\/wp\/v2\/media?parent=3911"}],"wp:term":[{"taxonomy":"product_brand","embeddable":true,"href":"https:\/\/eltiosam.com.mx\/index.php\/wp-json\/wp\/v2\/product_brand?post=3911"},{"taxonomy":"product_cat","embeddable":true,"href":"https:\/\/eltiosam.com.mx\/index.php\/wp-json\/wp\/v2\/product_cat?post=3911"},{"taxonomy":"product_tag","embeddable":true,"href":"https:\/\/eltiosam.com.mx\/index.php\/wp-json\/wp\/v2\/product_tag?post=3911"}],"curies":[{"name":"wp","href":"https:\/\/api.w.org\/{rel}","templated":true}]}}