{"id":3905,"date":"2023-11-15T21:54:25","date_gmt":"2023-11-15T21:54:25","guid":{"rendered":"http:\/\/eltiosam.com.mx\/index.php\/product\/refrigerador-haier-16p3-hbm425emnss\/"},"modified":"2024-02-24T20:38:27","modified_gmt":"2024-02-24T20:38:27","slug":"refrigerador-haier-16p3-hbm425emnss","status":"publish","type":"product","link":"https:\/\/eltiosam.com.mx\/index.php\/product\/refrigerador-haier-16p3-hbm425emnss\/","title":{"rendered":"REFRIGERADOR HAIER 16p3 HBM425EMNSS"},"content":{"rendered":"<p>Descripci\u00f3n:<\/p>\n<p>Con su capacidad generosa, funciones de enfriamiento r\u00e1pido y tecnolog\u00edas como MyZone y SuperFreeze, este refrigerador Haier ofrece versatilidad y eficiencia para satisfacer tus necesidades de almacenamiento de alimentos. Adem\u00e1s, su dise\u00f1o elegante y caracter\u00edsticas avanzadas lo convierten en una opci\u00f3n atractiva para tu cocina.<\/p>\n","protected":false},"excerpt":{"rendered":"<p>Descripci\u00f3n: Con su capacidad generosa, funciones de enfriamiento r\u00e1pido y tecnolog\u00edas como MyZone y SuperFreeze, este refrigerador Haier ofrece versatilidad y eficiencia para satisfacer tus necesidades de almacenamiento de alimentos. Adem\u00e1s, su dise\u00f1o elegante y caracter\u00edsticas avanzadas lo convierten en una opci\u00f3n atractiva para tu cocina.<\/p>\n","protected":false},"featured_media":5024,"template":"","meta":{"_joinchat":[]},"product_brand":[],"product_cat":[161,20,193,41],"product_tag":[59],"class_list":{"0":"post-3905","1":"product","2":"type-product","3":"status-publish","4":"has-post-thumbnail","6":"product_cat-best-selling-products","7":"product_cat-refrigeracion","8":"product_cat-refrigerador-congelador-inferior","9":"product_cat-refrigeradores","10":"product_tag-haier","12":"first","13":"outofstock","14":"shipping-taxable","15":"purchasable","16":"product-type-simple"},"_links":{"self":[{"href":"https:\/\/eltiosam.com.mx\/index.php\/wp-json\/wp\/v2\/product\/3905","targetHints":{"allow":["GET"]}}],"collection":[{"href":"https:\/\/eltiosam.com.mx\/index.php\/wp-json\/wp\/v2\/product"}],"about":[{"href":"https:\/\/eltiosam.com.mx\/index.php\/wp-json\/wp\/v2\/types\/product"}],"wp:featuredmedia":[{"embeddable":true,"href":"https:\/\/eltiosam.com.mx\/index.php\/wp-json\/wp\/v2\/media\/5024"}],"wp:attachment":[{"href":"https:\/\/eltiosam.com.mx\/index.php\/wp-json\/wp\/v2\/media?parent=3905"}],"wp:term":[{"taxonomy":"product_brand","embeddable":true,"href":"https:\/\/eltiosam.com.mx\/index.php\/wp-json\/wp\/v2\/product_brand?post=3905"},{"taxonomy":"product_cat","embeddable":true,"href":"https:\/\/eltiosam.com.mx\/index.php\/wp-json\/wp\/v2\/product_cat?post=3905"},{"taxonomy":"product_tag","embeddable":true,"href":"https:\/\/eltiosam.com.mx\/index.php\/wp-json\/wp\/v2\/product_tag?post=3905"}],"curies":[{"name":"wp","href":"https:\/\/api.w.org\/{rel}","templated":true}]}}