{"id":3870,"date":"2023-11-15T21:54:16","date_gmt":"2023-11-15T21:54:16","guid":{"rendered":"http:\/\/eltiosam.com.mx\/index.php\/product\/refrigerador-ge-cafe-cfe28tp3md1\/"},"modified":"2025-07-17T23:06:20","modified_gmt":"2025-07-17T23:06:20","slug":"refrigerador-ge-cafe-cfe28tp3md1","status":"publish","type":"product","link":"https:\/\/eltiosam.com.mx\/index.php\/product\/refrigerador-ge-cafe-cfe28tp3md1\/","title":{"rendered":"REFRIGERADOR GE CAF\u00c9 CFE28TP3MD1"},"content":{"rendered":"<p>Descripci\u00f3n:<\/p>\n<p>El refrigerador GE Caf\u00e9 CFE28TP3MD1 ofrece una amplia gama de caracter\u00edsticas dise\u00f1adas para brindar una experiencia culinaria excepcional. Este refrigerador no solo ofrece un dise\u00f1o elegante sino tambi\u00e9n funcionalidades avanzadas para facilitar tu d\u00eda a d\u00eda en la cocina.<\/p>\n","protected":false},"excerpt":{"rendered":"<p>Descripci\u00f3n: El refrigerador GE Caf\u00e9 CFE28TP3MD1 ofrece una amplia gama de caracter\u00edsticas dise\u00f1adas para brindar una experiencia culinaria excepcional. Este refrigerador no solo ofrece un dise\u00f1o elegante sino tambi\u00e9n funcionalidades avanzadas para facilitar tu d\u00eda a d\u00eda en la cocina.<\/p>\n","protected":false},"featured_media":5008,"template":"","meta":{"_joinchat":[]},"product_brand":[],"product_cat":[161,20,193,41],"product_tag":[231],"class_list":{"0":"post-3870","1":"product","2":"type-product","3":"status-publish","4":"has-post-thumbnail","6":"product_cat-best-selling-products","7":"product_cat-refrigeracion","8":"product_cat-refrigerador-congelador-inferior","9":"product_cat-refrigeradores","10":"product_tag-cafe","12":"first","13":"outofstock","14":"shipping-taxable","15":"purchasable","16":"product-type-simple"},"_links":{"self":[{"href":"https:\/\/eltiosam.com.mx\/index.php\/wp-json\/wp\/v2\/product\/3870","targetHints":{"allow":["GET"]}}],"collection":[{"href":"https:\/\/eltiosam.com.mx\/index.php\/wp-json\/wp\/v2\/product"}],"about":[{"href":"https:\/\/eltiosam.com.mx\/index.php\/wp-json\/wp\/v2\/types\/product"}],"wp:featuredmedia":[{"embeddable":true,"href":"https:\/\/eltiosam.com.mx\/index.php\/wp-json\/wp\/v2\/media\/5008"}],"wp:attachment":[{"href":"https:\/\/eltiosam.com.mx\/index.php\/wp-json\/wp\/v2\/media?parent=3870"}],"wp:term":[{"taxonomy":"product_brand","embeddable":true,"href":"https:\/\/eltiosam.com.mx\/index.php\/wp-json\/wp\/v2\/product_brand?post=3870"},{"taxonomy":"product_cat","embeddable":true,"href":"https:\/\/eltiosam.com.mx\/index.php\/wp-json\/wp\/v2\/product_cat?post=3870"},{"taxonomy":"product_tag","embeddable":true,"href":"https:\/\/eltiosam.com.mx\/index.php\/wp-json\/wp\/v2\/product_tag?post=3870"}],"curies":[{"name":"wp","href":"https:\/\/api.w.org\/{rel}","templated":true}]}}