{"id":3840,"date":"2023-11-15T21:53:56","date_gmt":"2023-11-15T21:53:56","guid":{"rendered":"http:\/\/eltiosam.com.mx\/index.php\/product\/parrilla-whirlpool-wp3040s\/"},"modified":"2024-02-23T20:24:34","modified_gmt":"2024-02-23T20:24:34","slug":"parrilla-whirlpool-wp3040s","status":"publish","type":"product","link":"https:\/\/eltiosam.com.mx\/index.php\/product\/parrilla-whirlpool-wp3040s\/","title":{"rendered":"PARRILLA WHIRLPOOL WP3040S"},"content":{"rendered":"<p>Descripci\u00f3n:<\/p>\n<p>La <strong>Parrilla Whirlpool WP3040S<\/strong> combina un dise\u00f1o moderno y elegante con funcionalidades avanzadas, siendo una excelente opci\u00f3n para quienes buscan mejorar su experiencia culinaria con un electrodom\u00e9stico de alta calidad y eficiencia\u200b\u200b\u200b\u200b\u200b\u200b\u200b\u200b\u200b\u200b.<\/p>\n","protected":false},"excerpt":{"rendered":"<p>Descripci\u00f3n: La Parrilla Whirlpool WP3040S combina un dise\u00f1o moderno y elegante con funcionalidades avanzadas, siendo una excelente opci\u00f3n para quienes buscan mejorar su experiencia culinaria con un electrodom\u00e9stico de alta calidad y eficiencia\u200b\u200b\u200b\u200b\u200b\u200b\u200b\u200b\u200b\u200b.<\/p>\n","protected":false},"featured_media":4984,"template":"","meta":{"_joinchat":[]},"product_brand":[],"product_cat":[161,29,189,190],"product_tag":[204],"class_list":{"0":"post-3840","1":"product","2":"type-product","3":"status-publish","4":"has-post-thumbnail","6":"product_cat-best-selling-products","7":"product_cat-coccion","8":"product_cat-parrillas","9":"product_cat-parrillas-de-gas","10":"product_tag-whirlpool","12":"first","13":"outofstock","14":"shipping-taxable","15":"purchasable","16":"product-type-simple"},"_links":{"self":[{"href":"https:\/\/eltiosam.com.mx\/index.php\/wp-json\/wp\/v2\/product\/3840","targetHints":{"allow":["GET"]}}],"collection":[{"href":"https:\/\/eltiosam.com.mx\/index.php\/wp-json\/wp\/v2\/product"}],"about":[{"href":"https:\/\/eltiosam.com.mx\/index.php\/wp-json\/wp\/v2\/types\/product"}],"wp:featuredmedia":[{"embeddable":true,"href":"https:\/\/eltiosam.com.mx\/index.php\/wp-json\/wp\/v2\/media\/4984"}],"wp:attachment":[{"href":"https:\/\/eltiosam.com.mx\/index.php\/wp-json\/wp\/v2\/media?parent=3840"}],"wp:term":[{"taxonomy":"product_brand","embeddable":true,"href":"https:\/\/eltiosam.com.mx\/index.php\/wp-json\/wp\/v2\/product_brand?post=3840"},{"taxonomy":"product_cat","embeddable":true,"href":"https:\/\/eltiosam.com.mx\/index.php\/wp-json\/wp\/v2\/product_cat?post=3840"},{"taxonomy":"product_tag","embeddable":true,"href":"https:\/\/eltiosam.com.mx\/index.php\/wp-json\/wp\/v2\/product_tag?post=3840"}],"curies":[{"name":"wp","href":"https:\/\/api.w.org\/{rel}","templated":true}]}}