{"id":3816,"date":"2023-11-15T21:53:53","date_gmt":"2023-11-15T21:53:53","guid":{"rendered":"http:\/\/eltiosam.com.mx\/index.php\/product\/parrilla-vetro915-ne\/"},"modified":"2024-02-23T20:04:21","modified_gmt":"2024-02-23T20:04:21","slug":"parrilla-vetro915-ne","status":"publish","type":"product","link":"https:\/\/eltiosam.com.mx\/index.php\/product\/parrilla-vetro915-ne\/","title":{"rendered":"Parrilla Tecnolam VETRO915.NE"},"content":{"rendered":"<div class=\"flex-1 overflow-hidden\">\n<div class=\"react-scroll-to-bottom--css-zjnim-79elbk h-full\">\n<div class=\"react-scroll-to-bottom--css-zjnim-1n7m0yu\">\n<div class=\"flex flex-col pb-9 text-sm\">\n<div class=\"w-full text-token-text-primary\" data-testid=\"conversation-turn-37\">\n<div class=\"px-4 py-2 justify-center text-base md:gap-6 m-auto\">\n<div class=\"flex flex-1 text-base mx-auto gap-3 md:px-5 lg:px-1 xl:px-5 md:max-w-3xl lg:max-w-[40rem] xl:max-w-[48rem] group final-completion\">\n<div class=\"relative flex w-full flex-col lg:w-[calc(100%-115px)] agent-turn\">\n<div class=\"flex-col gap-1 md:gap-3\">\n<div class=\"flex flex-grow flex-col max-w-full\">\n<div class=\"min-h-[20px] text-message flex flex-col items-start gap-3 whitespace-pre-wrap break-words [.text-message+&amp;]:mt-5 overflow-x-auto\" data-message-author-role=\"assistant\" data-message-id=\"ea62dfe2-b1d8-49a6-beb1-8d8c8e1e5857\">\n<div class=\"markdown prose w-full break-words dark:prose-invert light\">\n<p>Descripci\u00f3n:<\/p>\n<p>La Parrilla Tecnolam VETRO915.NE es una opci\u00f3n vers\u00e1til y moderna para la cocina con diversas caracter\u00edsticas. Esta parrilla Tecnolam combina dise\u00f1o italiano, funcionalidad y seguridad. Con su superficie de vidrio templado y variedad de quemadores, ofrece una soluci\u00f3n vers\u00e1til y elegante para la cocina.<\/p>\n<\/div>\n<\/div>\n<\/div>\n<\/div>\n<\/div>\n<\/div>\n<\/div>\n<\/div>\n<\/div>\n<\/div>\n<\/div>\n<\/div>\n","protected":false},"excerpt":{"rendered":"<p>Descripci\u00f3n: La Parrilla Tecnolam VETRO915.NE es una opci\u00f3n vers\u00e1til y moderna para la cocina con diversas caracter\u00edsticas. Esta parrilla Tecnolam combina dise\u00f1o italiano, funcionalidad y seguridad. Con su superficie de vidrio templado y variedad de quemadores, ofrece una soluci\u00f3n vers\u00e1til y elegante para la cocina.<\/p>\n","protected":false},"featured_media":4981,"template":"","meta":{"_joinchat":[]},"product_brand":[],"product_cat":[161,29,189],"product_tag":[30],"class_list":{"0":"post-3816","1":"product","2":"type-product","3":"status-publish","4":"has-post-thumbnail","6":"product_cat-best-selling-products","7":"product_cat-coccion","8":"product_cat-parrillas","9":"product_tag-tecnolam","11":"first","12":"outofstock","13":"shipping-taxable","14":"purchasable","15":"product-type-simple"},"_links":{"self":[{"href":"https:\/\/eltiosam.com.mx\/index.php\/wp-json\/wp\/v2\/product\/3816","targetHints":{"allow":["GET"]}}],"collection":[{"href":"https:\/\/eltiosam.com.mx\/index.php\/wp-json\/wp\/v2\/product"}],"about":[{"href":"https:\/\/eltiosam.com.mx\/index.php\/wp-json\/wp\/v2\/types\/product"}],"wp:featuredmedia":[{"embeddable":true,"href":"https:\/\/eltiosam.com.mx\/index.php\/wp-json\/wp\/v2\/media\/4981"}],"wp:attachment":[{"href":"https:\/\/eltiosam.com.mx\/index.php\/wp-json\/wp\/v2\/media?parent=3816"}],"wp:term":[{"taxonomy":"product_brand","embeddable":true,"href":"https:\/\/eltiosam.com.mx\/index.php\/wp-json\/wp\/v2\/product_brand?post=3816"},{"taxonomy":"product_cat","embeddable":true,"href":"https:\/\/eltiosam.com.mx\/index.php\/wp-json\/wp\/v2\/product_cat?post=3816"},{"taxonomy":"product_tag","embeddable":true,"href":"https:\/\/eltiosam.com.mx\/index.php\/wp-json\/wp\/v2\/product_tag?post=3816"}],"curies":[{"name":"wp","href":"https:\/\/api.w.org\/{rel}","templated":true}]}}