{"id":3783,"date":"2023-11-15T21:53:47","date_gmt":"2023-11-15T21:53:47","guid":{"rendered":"http:\/\/eltiosam.com.mx\/index.php\/product\/parrilla-nu915-ac\/"},"modified":"2024-02-23T19:58:21","modified_gmt":"2024-02-23T19:58:21","slug":"parrilla-nu915-ac","status":"publish","type":"product","link":"https:\/\/eltiosam.com.mx\/index.php\/product\/parrilla-nu915-ac\/","title":{"rendered":"Parrilla Tecnolam NU915.AC"},"content":{"rendered":"<p>Descripci\u00f3n:<\/p>\n<p>Esta parrilla ofrece una variedad de quemadores para adaptarse a diferentes tipos de cocci\u00f3n, desde r\u00e1pidas hasta lentas. El encendido electr\u00f3nico y las perillas met\u00e1licas proporcionan comodidad y durabilidad. Adem\u00e1s, el sistema de seguridad con Termopar garantiza un uso seguro. Con su dise\u00f1o de 90 cm, es una opci\u00f3n espaciosa para cocinas que requieren capacidad adicional.<\/p>\n","protected":false},"excerpt":{"rendered":"<p>Descripci\u00f3n: Esta parrilla ofrece una variedad de quemadores para adaptarse a diferentes tipos de cocci\u00f3n, desde r\u00e1pidas hasta lentas. El encendido electr\u00f3nico y las perillas met\u00e1licas proporcionan comodidad y durabilidad. Adem\u00e1s, el sistema de seguridad con Termopar garantiza un uso seguro. Con su dise\u00f1o de 90 cm, es una opci\u00f3n espaciosa para cocinas que requieren [&hellip;]<\/p>\n","protected":false},"featured_media":4973,"template":"","meta":{"_joinchat":[]},"product_brand":[],"product_cat":[29,189],"product_tag":[30],"class_list":{"0":"post-3783","1":"product","2":"type-product","3":"status-publish","4":"has-post-thumbnail","6":"product_cat-coccion","7":"product_cat-parrillas","8":"product_tag-tecnolam","10":"first","11":"outofstock","12":"shipping-taxable","13":"purchasable","14":"product-type-simple"},"_links":{"self":[{"href":"https:\/\/eltiosam.com.mx\/index.php\/wp-json\/wp\/v2\/product\/3783","targetHints":{"allow":["GET"]}}],"collection":[{"href":"https:\/\/eltiosam.com.mx\/index.php\/wp-json\/wp\/v2\/product"}],"about":[{"href":"https:\/\/eltiosam.com.mx\/index.php\/wp-json\/wp\/v2\/types\/product"}],"wp:featuredmedia":[{"embeddable":true,"href":"https:\/\/eltiosam.com.mx\/index.php\/wp-json\/wp\/v2\/media\/4973"}],"wp:attachment":[{"href":"https:\/\/eltiosam.com.mx\/index.php\/wp-json\/wp\/v2\/media?parent=3783"}],"wp:term":[{"taxonomy":"product_brand","embeddable":true,"href":"https:\/\/eltiosam.com.mx\/index.php\/wp-json\/wp\/v2\/product_brand?post=3783"},{"taxonomy":"product_cat","embeddable":true,"href":"https:\/\/eltiosam.com.mx\/index.php\/wp-json\/wp\/v2\/product_cat?post=3783"},{"taxonomy":"product_tag","embeddable":true,"href":"https:\/\/eltiosam.com.mx\/index.php\/wp-json\/wp\/v2\/product_tag?post=3783"}],"curies":[{"name":"wp","href":"https:\/\/api.w.org\/{rel}","templated":true}]}}