{"id":3752,"date":"2023-11-15T21:53:41","date_gmt":"2023-11-15T21:53:41","guid":{"rendered":"http:\/\/eltiosam.com.mx\/index.php\/product\/parrilla-maytag-36-mec-8836hs\/"},"modified":"2024-02-23T19:43:12","modified_gmt":"2024-02-23T19:43:12","slug":"parrilla-maytag-36-mec-8836hs","status":"publish","type":"product","link":"https:\/\/eltiosam.com.mx\/index.php\/product\/parrilla-maytag-36-mec-8836hs\/","title":{"rendered":"PARRILLA MAYTAG 36&#8243; MEC-8836HS"},"content":{"rendered":"<p><strong>Descripci\u00f3n:<\/strong><\/p>\n<p>La parrilla el\u00e9ctrica Maytag MEC-8836HS es ideal para aquellos que buscan un electrodom\u00e9stico confiable y de alto rendimiento para su cocina, combinando tecnolog\u00eda avanzada con un dise\u00f1o pr\u00e1ctico y elegante\u200b\u200b\u200b\u200b\u200b\u200b.<\/p>\n","protected":false},"excerpt":{"rendered":"<p>Descripci\u00f3n: La parrilla el\u00e9ctrica Maytag MEC-8836HS es ideal para aquellos que buscan un electrodom\u00e9stico confiable y de alto rendimiento para su cocina, combinando tecnolog\u00eda avanzada con un dise\u00f1o pr\u00e1ctico y elegante\u200b\u200b\u200b\u200b\u200b\u200b.<\/p>\n","protected":false},"featured_media":4962,"template":"","meta":{"_joinchat":[]},"product_brand":[],"product_cat":[161,29,189,192],"product_tag":[205],"class_list":{"0":"post-3752","1":"product","2":"type-product","3":"status-publish","4":"has-post-thumbnail","6":"product_cat-best-selling-products","7":"product_cat-coccion","8":"product_cat-parrillas","9":"product_cat-parrillas-electricas","10":"product_tag-maytag","12":"first","13":"outofstock","14":"shipping-taxable","15":"purchasable","16":"product-type-simple"},"_links":{"self":[{"href":"https:\/\/eltiosam.com.mx\/index.php\/wp-json\/wp\/v2\/product\/3752","targetHints":{"allow":["GET"]}}],"collection":[{"href":"https:\/\/eltiosam.com.mx\/index.php\/wp-json\/wp\/v2\/product"}],"about":[{"href":"https:\/\/eltiosam.com.mx\/index.php\/wp-json\/wp\/v2\/types\/product"}],"wp:featuredmedia":[{"embeddable":true,"href":"https:\/\/eltiosam.com.mx\/index.php\/wp-json\/wp\/v2\/media\/4962"}],"wp:attachment":[{"href":"https:\/\/eltiosam.com.mx\/index.php\/wp-json\/wp\/v2\/media?parent=3752"}],"wp:term":[{"taxonomy":"product_brand","embeddable":true,"href":"https:\/\/eltiosam.com.mx\/index.php\/wp-json\/wp\/v2\/product_brand?post=3752"},{"taxonomy":"product_cat","embeddable":true,"href":"https:\/\/eltiosam.com.mx\/index.php\/wp-json\/wp\/v2\/product_cat?post=3752"},{"taxonomy":"product_tag","embeddable":true,"href":"https:\/\/eltiosam.com.mx\/index.php\/wp-json\/wp\/v2\/product_tag?post=3752"}],"curies":[{"name":"wp","href":"https:\/\/api.w.org\/{rel}","templated":true}]}}