{"id":3712,"date":"2023-11-15T21:53:25","date_gmt":"2023-11-15T21:53:25","guid":{"rendered":"http:\/\/eltiosam.com.mx\/index.php\/product\/parrilla-io-mabe-90cm-io95rg\/"},"modified":"2024-02-23T01:50:47","modified_gmt":"2024-02-23T01:50:47","slug":"parrilla-io-mabe-90cm-io95rg","status":"publish","type":"product","link":"https:\/\/eltiosam.com.mx\/index.php\/product\/parrilla-io-mabe-90cm-io95rg\/","title":{"rendered":"PARRILLA IO MABE 90CM IO95RG"},"content":{"rendered":"<p><b>Descripci\u00f3n:<\/b><\/p>\n<ul>\n<li>La parrilla IO MABE 90 cm modelo IO95RG cuenta con un dise\u00f1o robusto y elegante que aporta resistencia y durabilidad.<\/li>\n<li>Los 3 Professional Ring permiten un control independiente de los anillos de flama, brindando versatilidad en la cocina.<\/li>\n<li>La iluminaci\u00f3n en las perillas no solo es est\u00e9tica sino que tambi\u00e9n ofrece seguridad al indicar qu\u00e9 quemador est\u00e1 activo.<\/li>\n<li>La combinaci\u00f3n de vidrio negro y fundici\u00f3n no solo es est\u00e9ticamente agradable, sino que tambi\u00e9n facilita la limpieza y mantenimiento de la parrilla.<\/li>\n<li>Se recomienda seguir las instrucciones de instalaci\u00f3n y seguridad proporcionadas en el manual del usuario para un uso \u00f3ptimo y seguro.<\/li>\n<\/ul>\n","protected":false},"excerpt":{"rendered":"<p>Descripci\u00f3n: La parrilla IO MABE 90 cm modelo IO95RG cuenta con un dise\u00f1o robusto y elegante que aporta resistencia y durabilidad. Los 3 Professional Ring permiten un control independiente de los anillos de flama, brindando versatilidad en la cocina. La iluminaci\u00f3n en las perillas no solo es est\u00e9tica sino que tambi\u00e9n ofrece seguridad al indicar [&hellip;]<\/p>\n","protected":false},"featured_media":4943,"template":"","meta":{"_joinchat":[]},"product_brand":[],"product_cat":[161,29,189,190],"product_tag":[61],"class_list":{"0":"post-3712","1":"product","2":"type-product","3":"status-publish","4":"has-post-thumbnail","6":"product_cat-best-selling-products","7":"product_cat-coccion","8":"product_cat-parrillas","9":"product_cat-parrillas-de-gas","10":"product_tag-io-mabe","12":"first","13":"outofstock","14":"shipping-taxable","15":"purchasable","16":"product-type-simple"},"_links":{"self":[{"href":"https:\/\/eltiosam.com.mx\/index.php\/wp-json\/wp\/v2\/product\/3712","targetHints":{"allow":["GET"]}}],"collection":[{"href":"https:\/\/eltiosam.com.mx\/index.php\/wp-json\/wp\/v2\/product"}],"about":[{"href":"https:\/\/eltiosam.com.mx\/index.php\/wp-json\/wp\/v2\/types\/product"}],"wp:featuredmedia":[{"embeddable":true,"href":"https:\/\/eltiosam.com.mx\/index.php\/wp-json\/wp\/v2\/media\/4943"}],"wp:attachment":[{"href":"https:\/\/eltiosam.com.mx\/index.php\/wp-json\/wp\/v2\/media?parent=3712"}],"wp:term":[{"taxonomy":"product_brand","embeddable":true,"href":"https:\/\/eltiosam.com.mx\/index.php\/wp-json\/wp\/v2\/product_brand?post=3712"},{"taxonomy":"product_cat","embeddable":true,"href":"https:\/\/eltiosam.com.mx\/index.php\/wp-json\/wp\/v2\/product_cat?post=3712"},{"taxonomy":"product_tag","embeddable":true,"href":"https:\/\/eltiosam.com.mx\/index.php\/wp-json\/wp\/v2\/product_tag?post=3712"}],"curies":[{"name":"wp","href":"https:\/\/api.w.org\/{rel}","templated":true}]}}