{"id":3685,"date":"2023-11-15T21:53:20","date_gmt":"2023-11-15T21:53:20","guid":{"rendered":"http:\/\/eltiosam.com.mx\/index.php\/product\/parrilla-io-mabe-60cm-io64ti\/"},"modified":"2024-02-23T01:39:04","modified_gmt":"2024-02-23T01:39:04","slug":"parrilla-io-mabe-60cm-io64ti","status":"publish","type":"product","link":"https:\/\/eltiosam.com.mx\/index.php\/product\/parrilla-io-mabe-60cm-io64ti\/","title":{"rendered":"PARRILLA IO MABE 60CM IO64TI"},"content":{"rendered":"<h3>Descripci\u00f3n:<\/h3>\n<p>Esta parrilla es ideal para aquellos que buscan un electrodom\u00e9stico de alta calidad y rendimiento, ofreciendo una experiencia de cocci\u00f3n vers\u00e1til y eficiente en un dise\u00f1o contempor\u00e1neo y duradero\u200b\u200b\u200b\u200b\u200b\u200b\u200b\u200b.<\/p>\n","protected":false},"excerpt":{"rendered":"<p>Descripci\u00f3n: Esta parrilla es ideal para aquellos que buscan un electrodom\u00e9stico de alta calidad y rendimiento, ofreciendo una experiencia de cocci\u00f3n vers\u00e1til y eficiente en un dise\u00f1o contempor\u00e1neo y duradero\u200b\u200b\u200b\u200b\u200b\u200b\u200b\u200b.<\/p>\n","protected":false},"featured_media":4935,"template":"","meta":{"_joinchat":[]},"product_brand":[],"product_cat":[161,29,189,190],"product_tag":[61],"class_list":{"0":"post-3685","1":"product","2":"type-product","3":"status-publish","4":"has-post-thumbnail","6":"product_cat-best-selling-products","7":"product_cat-coccion","8":"product_cat-parrillas","9":"product_cat-parrillas-de-gas","10":"product_tag-io-mabe","12":"first","13":"outofstock","14":"shipping-taxable","15":"purchasable","16":"product-type-simple"},"_links":{"self":[{"href":"https:\/\/eltiosam.com.mx\/index.php\/wp-json\/wp\/v2\/product\/3685","targetHints":{"allow":["GET"]}}],"collection":[{"href":"https:\/\/eltiosam.com.mx\/index.php\/wp-json\/wp\/v2\/product"}],"about":[{"href":"https:\/\/eltiosam.com.mx\/index.php\/wp-json\/wp\/v2\/types\/product"}],"wp:featuredmedia":[{"embeddable":true,"href":"https:\/\/eltiosam.com.mx\/index.php\/wp-json\/wp\/v2\/media\/4935"}],"wp:attachment":[{"href":"https:\/\/eltiosam.com.mx\/index.php\/wp-json\/wp\/v2\/media?parent=3685"}],"wp:term":[{"taxonomy":"product_brand","embeddable":true,"href":"https:\/\/eltiosam.com.mx\/index.php\/wp-json\/wp\/v2\/product_brand?post=3685"},{"taxonomy":"product_cat","embeddable":true,"href":"https:\/\/eltiosam.com.mx\/index.php\/wp-json\/wp\/v2\/product_cat?post=3685"},{"taxonomy":"product_tag","embeddable":true,"href":"https:\/\/eltiosam.com.mx\/index.php\/wp-json\/wp\/v2\/product_tag?post=3685"}],"curies":[{"name":"wp","href":"https:\/\/api.w.org\/{rel}","templated":true}]}}