{"id":3675,"date":"2023-11-15T21:53:17","date_gmt":"2023-11-15T21:53:17","guid":{"rendered":"http:\/\/eltiosam.com.mx\/index.php\/product\/parrilla-io-mabe-30cm-io312dvi\/"},"modified":"2024-02-23T01:36:19","modified_gmt":"2024-02-23T01:36:19","slug":"parrilla-io-mabe-30cm-io312dvi","status":"publish","type":"product","link":"https:\/\/eltiosam.com.mx\/index.php\/product\/parrilla-io-mabe-30cm-io312dvi\/","title":{"rendered":"PARRILLA IO MABE 30CM IO312DVI"},"content":{"rendered":"<p><b>Descripci\u00f3n:<\/b><\/p>\n<ul>\n<li>La parrilla IO Mabe IO312DVI ofrece una soluci\u00f3n compacta y eficiente para cocinas de espacio reducido.<\/li>\n<li>El dise\u00f1o de vitrocer\u00e1mica proporciona durabilidad y facilita la limpieza.<\/li>\n<li>El encendido el\u00e9ctrico integrado a\u00f1ade comodidad y seguridad a la operaci\u00f3n.<\/li>\n<li>Adecuada para aquellos que buscan una opci\u00f3n sencilla con funcionalidad b\u00e1sica.<\/li>\n<li>Es importante seguir las instrucciones de instalaci\u00f3n y seguridad proporcionadas en el manual del usuario.<\/li>\n<li>No se proporciona informaci\u00f3n sobre funciones adicionales como temporizador, indicador de calor residual o bloqueo de seguridad, por lo que se asume que no est\u00e1n presentes en este modelo.<\/li>\n<\/ul>\n","protected":false},"excerpt":{"rendered":"<p>Descripci\u00f3n: La parrilla IO Mabe IO312DVI ofrece una soluci\u00f3n compacta y eficiente para cocinas de espacio reducido. El dise\u00f1o de vitrocer\u00e1mica proporciona durabilidad y facilita la limpieza. El encendido el\u00e9ctrico integrado a\u00f1ade comodidad y seguridad a la operaci\u00f3n. Adecuada para aquellos que buscan una opci\u00f3n sencilla con funcionalidad b\u00e1sica. Es importante seguir las instrucciones de [&hellip;]<\/p>\n","protected":false},"featured_media":4931,"template":"","meta":{"_joinchat":[]},"product_brand":[],"product_cat":[161,29,189,192],"product_tag":[61],"class_list":{"0":"post-3675","1":"product","2":"type-product","3":"status-publish","4":"has-post-thumbnail","6":"product_cat-best-selling-products","7":"product_cat-coccion","8":"product_cat-parrillas","9":"product_cat-parrillas-electricas","10":"product_tag-io-mabe","12":"first","13":"outofstock","14":"shipping-taxable","15":"purchasable","16":"product-type-simple"},"_links":{"self":[{"href":"https:\/\/eltiosam.com.mx\/index.php\/wp-json\/wp\/v2\/product\/3675","targetHints":{"allow":["GET"]}}],"collection":[{"href":"https:\/\/eltiosam.com.mx\/index.php\/wp-json\/wp\/v2\/product"}],"about":[{"href":"https:\/\/eltiosam.com.mx\/index.php\/wp-json\/wp\/v2\/types\/product"}],"wp:featuredmedia":[{"embeddable":true,"href":"https:\/\/eltiosam.com.mx\/index.php\/wp-json\/wp\/v2\/media\/4931"}],"wp:attachment":[{"href":"https:\/\/eltiosam.com.mx\/index.php\/wp-json\/wp\/v2\/media?parent=3675"}],"wp:term":[{"taxonomy":"product_brand","embeddable":true,"href":"https:\/\/eltiosam.com.mx\/index.php\/wp-json\/wp\/v2\/product_brand?post=3675"},{"taxonomy":"product_cat","embeddable":true,"href":"https:\/\/eltiosam.com.mx\/index.php\/wp-json\/wp\/v2\/product_cat?post=3675"},{"taxonomy":"product_tag","embeddable":true,"href":"https:\/\/eltiosam.com.mx\/index.php\/wp-json\/wp\/v2\/product_tag?post=3675"}],"curies":[{"name":"wp","href":"https:\/\/api.w.org\/{rel}","templated":true}]}}