{"id":3603,"date":"2023-11-15T21:53:01","date_gmt":"2023-11-15T21:53:01","guid":{"rendered":"http:\/\/eltiosam.com.mx\/index.php\/product\/parrilla-electrica-teka-59cm-tt6420\/"},"modified":"2024-02-23T01:00:05","modified_gmt":"2024-02-23T01:00:05","slug":"parrilla-electrica-teka-59cm-tt6420","status":"publish","type":"product","link":"https:\/\/eltiosam.com.mx\/index.php\/product\/parrilla-electrica-teka-59cm-tt6420\/","title":{"rendered":"PARRILLA ELECTRICA TEKA 59CM TT6420"},"content":{"rendered":"<div>\n<p>Caracter\u00edsticas<\/p>\n<div>\n<ul>\n<li><strong>Touch Control :\u00a0<\/strong>S\u00ed<\/li>\n<li><strong>Reloj :\u00a0<\/strong>S\u00ed<\/li>\n<li><strong>Programaci\u00f3n de cocci\u00f3n :\u00a0<\/strong>S\u00ed<\/li>\n<\/ul>\n<\/div>\n<div>\n<h4>Conexi\u00f3n el\u00e9ctrica<\/h4>\n<ul>\n<li><strong>Fuente de alimentaci\u00f3n de 230 V :\u00a0<\/strong>S\u00ed<\/li>\n<li><strong>Longitud del cable (cm):\u00a0<\/strong>100<\/li>\n<li><strong>Frecuencia (Hz):\u00a0<\/strong>50\/60<\/li>\n<li><strong>Rango m\u00e1ximo de conexi\u00f3n (W):\u00a0<\/strong>6200<\/li>\n<\/ul>\n<\/div>\n<div>\n<h4>Sistema de seguridad<\/h4>\n<ul>\n<li><strong>Indicador De Calor Residual :\u00a0<\/strong>S\u00ed<\/li>\n<li><strong>El Bloqueo De Seguridad :\u00a0<\/strong>S\u00ed<\/li>\n<li><strong>La Desconexi\u00f3n De Seguridad Autom\u00e1tica :\u00a0<\/strong>S\u00ed<\/li>\n<\/ul>\n<\/div>\n<div><\/div>\n<\/div>\n","protected":false},"excerpt":{"rendered":"<p>Caracter\u00edsticas Touch Control :\u00a0S\u00ed Reloj :\u00a0S\u00ed Programaci\u00f3n de cocci\u00f3n :\u00a0S\u00ed Conexi\u00f3n el\u00e9ctrica Fuente de alimentaci\u00f3n de 230 V :\u00a0S\u00ed Longitud del cable (cm):\u00a0100 Frecuencia (Hz):\u00a050\/60 Rango m\u00e1ximo de conexi\u00f3n (W):\u00a06200 Sistema de seguridad Indicador De Calor Residual :\u00a0S\u00ed El Bloqueo De Seguridad :\u00a0S\u00ed La Desconexi\u00f3n De Seguridad Autom\u00e1tica :\u00a0S\u00ed<\/p>\n","protected":false},"featured_media":4901,"template":"","meta":{"_joinchat":[]},"product_brand":[],"product_cat":[161,29,189,192],"product_tag":[106],"class_list":{"0":"post-3603","1":"product","2":"type-product","3":"status-publish","4":"has-post-thumbnail","6":"product_cat-best-selling-products","7":"product_cat-coccion","8":"product_cat-parrillas","9":"product_cat-parrillas-electricas","10":"product_tag-teka","12":"first","13":"outofstock","14":"shipping-taxable","15":"purchasable","16":"product-type-simple"},"_links":{"self":[{"href":"https:\/\/eltiosam.com.mx\/index.php\/wp-json\/wp\/v2\/product\/3603","targetHints":{"allow":["GET"]}}],"collection":[{"href":"https:\/\/eltiosam.com.mx\/index.php\/wp-json\/wp\/v2\/product"}],"about":[{"href":"https:\/\/eltiosam.com.mx\/index.php\/wp-json\/wp\/v2\/types\/product"}],"wp:featuredmedia":[{"embeddable":true,"href":"https:\/\/eltiosam.com.mx\/index.php\/wp-json\/wp\/v2\/media\/4901"}],"wp:attachment":[{"href":"https:\/\/eltiosam.com.mx\/index.php\/wp-json\/wp\/v2\/media?parent=3603"}],"wp:term":[{"taxonomy":"product_brand","embeddable":true,"href":"https:\/\/eltiosam.com.mx\/index.php\/wp-json\/wp\/v2\/product_brand?post=3603"},{"taxonomy":"product_cat","embeddable":true,"href":"https:\/\/eltiosam.com.mx\/index.php\/wp-json\/wp\/v2\/product_cat?post=3603"},{"taxonomy":"product_tag","embeddable":true,"href":"https:\/\/eltiosam.com.mx\/index.php\/wp-json\/wp\/v2\/product_tag?post=3603"}],"curies":[{"name":"wp","href":"https:\/\/api.w.org\/{rel}","templated":true}]}}