{"id":3578,"date":"2023-11-15T21:52:57","date_gmt":"2023-11-15T21:52:57","guid":{"rendered":"http:\/\/eltiosam.com.mx\/index.php\/product\/parrilla-electrica-teka-30cm-efx-30-1-2p\/"},"modified":"2024-02-23T00:49:00","modified_gmt":"2024-02-23T00:49:00","slug":"parrilla-electrica-teka-30cm-efx-30-1-2p","status":"publish","type":"product","link":"https:\/\/eltiosam.com.mx\/index.php\/product\/parrilla-electrica-teka-30cm-efx-30-1-2p\/","title":{"rendered":"PARRILLA ELECTRICA TEKA 30CM EFX 30.1 2P"},"content":{"rendered":"<div class=\"min-h-[20px] text-message flex flex-col items-start gap-3 whitespace-pre-wrap break-words [.text-message+&amp;]:mt-5 overflow-x-auto\" data-message-author-role=\"assistant\" data-message-id=\"8991ee9e-56d6-4f45-b220-7d035c1c3631\">\n<div class=\"markdown prose w-full break-words dark:prose-invert light\">\n<p><strong>Descripci\u00f3n:<\/strong><\/p>\n<\/div>\n<\/div>\n<div class=\"min-h-[20px] text-message flex flex-col items-start gap-3 whitespace-pre-wrap break-words [.text-message+&amp;]:mt-5 overflow-x-auto\" data-message-author-role=\"assistant\" data-message-id=\"2be6d92a-f9f3-48fe-9210-50fcb5165799\">\n<div class=\"markdown prose w-full break-words dark:prose-invert light\">\n<p>La parrilla el\u00e9ctrica Teka EFX 30.1 2P es ideal para quienes buscan un electrodom\u00e9stico compacto, eficiente y f\u00e1cil de integrar en espacios reducidos, ofreciendo un dise\u00f1o sofisticado y funcionalidad de alto rendimiento\u200b\u200b\u200b\u200b\u200b\u200b.<\/p>\n<\/div>\n<\/div>\n","protected":false},"excerpt":{"rendered":"<p>Descripci\u00f3n: La parrilla el\u00e9ctrica Teka EFX 30.1 2P es ideal para quienes buscan un electrodom\u00e9stico compacto, eficiente y f\u00e1cil de integrar en espacios reducidos, ofreciendo un dise\u00f1o sofisticado y funcionalidad de alto rendimiento\u200b\u200b\u200b\u200b\u200b\u200b.<\/p>\n","protected":false},"featured_media":4892,"template":"","meta":{"_joinchat":[]},"product_brand":[],"product_cat":[161,29,189,192],"product_tag":[106],"class_list":{"0":"post-3578","1":"product","2":"type-product","3":"status-publish","4":"has-post-thumbnail","6":"product_cat-best-selling-products","7":"product_cat-coccion","8":"product_cat-parrillas","9":"product_cat-parrillas-electricas","10":"product_tag-teka","12":"first","13":"outofstock","14":"shipping-taxable","15":"purchasable","16":"product-type-simple"},"_links":{"self":[{"href":"https:\/\/eltiosam.com.mx\/index.php\/wp-json\/wp\/v2\/product\/3578","targetHints":{"allow":["GET"]}}],"collection":[{"href":"https:\/\/eltiosam.com.mx\/index.php\/wp-json\/wp\/v2\/product"}],"about":[{"href":"https:\/\/eltiosam.com.mx\/index.php\/wp-json\/wp\/v2\/types\/product"}],"wp:featuredmedia":[{"embeddable":true,"href":"https:\/\/eltiosam.com.mx\/index.php\/wp-json\/wp\/v2\/media\/4892"}],"wp:attachment":[{"href":"https:\/\/eltiosam.com.mx\/index.php\/wp-json\/wp\/v2\/media?parent=3578"}],"wp:term":[{"taxonomy":"product_brand","embeddable":true,"href":"https:\/\/eltiosam.com.mx\/index.php\/wp-json\/wp\/v2\/product_brand?post=3578"},{"taxonomy":"product_cat","embeddable":true,"href":"https:\/\/eltiosam.com.mx\/index.php\/wp-json\/wp\/v2\/product_cat?post=3578"},{"taxonomy":"product_tag","embeddable":true,"href":"https:\/\/eltiosam.com.mx\/index.php\/wp-json\/wp\/v2\/product_tag?post=3578"}],"curies":[{"name":"wp","href":"https:\/\/api.w.org\/{rel}","templated":true}]}}