{"id":3570,"date":"2023-11-15T21:52:55","date_gmt":"2023-11-15T21:52:55","guid":{"rendered":"http:\/\/eltiosam.com.mx\/index.php\/product\/parrilla-electrica-teka-30cm-efx-30-1-2h\/"},"modified":"2024-02-23T00:47:32","modified_gmt":"2024-02-23T00:47:32","slug":"parrilla-electrica-teka-30cm-efx-30-1-2h","status":"publish","type":"product","link":"https:\/\/eltiosam.com.mx\/index.php\/product\/parrilla-electrica-teka-30cm-efx-30-1-2h\/","title":{"rendered":"PARRILLA ELECTRICA TEKA 30CM EFX 30.1 2H"},"content":{"rendered":"<p><strong>Descripci\u00f3n:<\/strong><\/p>\n<ul>\n<li>Cristal vitrocer\u00e1mico sobre acero inoxidable<\/li>\n<li>Mandos frontales metalizados incorporados con frente negro<\/li>\n<li>2 zonas de cocci\u00f3n<\/li>\n<li>-1 placa High Light de \u00d8 145 mm<\/li>\n<li>-1 placa High Light de \u00d8 180 mm<\/li>\n<li>Piloto indicativo de funcionamiento<\/li>\n<li>Potencia nominal m\u00e1xima: 3.000 W<\/li>\n<li>Combinable con cualquier otro modelo de la gama EFX: kit de uni\u00f3n opcional 40204395<\/li>\n<li>Voltaje: 220<\/li>\n<\/ul>\n<div><\/div>\n<div>\n<div><\/div>\n<\/div>\n","protected":false},"excerpt":{"rendered":"<p>Descripci\u00f3n: Cristal vitrocer\u00e1mico sobre acero inoxidable Mandos frontales metalizados incorporados con frente negro 2 zonas de cocci\u00f3n -1 placa High Light de \u00d8 145 mm -1 placa High Light de \u00d8 180 mm Piloto indicativo de funcionamiento Potencia nominal m\u00e1xima: 3.000 W Combinable con cualquier otro modelo de la gama EFX: kit de uni\u00f3n opcional [&hellip;]<\/p>\n","protected":false},"featured_media":4890,"template":"","meta":{"_joinchat":[]},"product_brand":[],"product_cat":[161,29,189,192],"product_tag":[106],"class_list":{"0":"post-3570","1":"product","2":"type-product","3":"status-publish","4":"has-post-thumbnail","6":"product_cat-best-selling-products","7":"product_cat-coccion","8":"product_cat-parrillas","9":"product_cat-parrillas-electricas","10":"product_tag-teka","12":"first","13":"outofstock","14":"shipping-taxable","15":"purchasable","16":"product-type-simple"},"_links":{"self":[{"href":"https:\/\/eltiosam.com.mx\/index.php\/wp-json\/wp\/v2\/product\/3570","targetHints":{"allow":["GET"]}}],"collection":[{"href":"https:\/\/eltiosam.com.mx\/index.php\/wp-json\/wp\/v2\/product"}],"about":[{"href":"https:\/\/eltiosam.com.mx\/index.php\/wp-json\/wp\/v2\/types\/product"}],"wp:featuredmedia":[{"embeddable":true,"href":"https:\/\/eltiosam.com.mx\/index.php\/wp-json\/wp\/v2\/media\/4890"}],"wp:attachment":[{"href":"https:\/\/eltiosam.com.mx\/index.php\/wp-json\/wp\/v2\/media?parent=3570"}],"wp:term":[{"taxonomy":"product_brand","embeddable":true,"href":"https:\/\/eltiosam.com.mx\/index.php\/wp-json\/wp\/v2\/product_brand?post=3570"},{"taxonomy":"product_cat","embeddable":true,"href":"https:\/\/eltiosam.com.mx\/index.php\/wp-json\/wp\/v2\/product_cat?post=3570"},{"taxonomy":"product_tag","embeddable":true,"href":"https:\/\/eltiosam.com.mx\/index.php\/wp-json\/wp\/v2\/product_tag?post=3570"}],"curies":[{"name":"wp","href":"https:\/\/api.w.org\/{rel}","templated":true}]}}