{"id":3553,"date":"2023-11-15T21:52:53","date_gmt":"2023-11-15T21:52:53","guid":{"rendered":"http:\/\/eltiosam.com.mx\/index.php\/product\/parrilla-electrica-ge-profile-76cm-pp930smss\/"},"modified":"2024-02-23T00:43:34","modified_gmt":"2024-02-23T00:43:34","slug":"parrilla-electrica-ge-profile-76cm-pp930smss","status":"publish","type":"product","link":"https:\/\/eltiosam.com.mx\/index.php\/product\/parrilla-electrica-ge-profile-76cm-pp930smss\/","title":{"rendered":"PARRILLA ELECTRICA GE PROFILE 76CM PP930SMSS"},"content":{"rendered":"<p><strong>Descripci\u00f3n:<\/strong><\/p>\n<ul>\n<li><strong>Versatilidad de Cocci\u00f3n:<\/strong>\n<ul>\n<li>Su dise\u00f1o permite colocar recipientes de diferentes tama\u00f1os.<\/li>\n<\/ul>\n<\/li>\n<li><strong>Control Digital:<\/strong>\n<ul>\n<li>Permite seleccionar todas sus potencias a trav\u00e9s de su display t\u00e1ctil.<\/li>\n<\/ul>\n<\/li>\n<li><strong>Seguridad:<\/strong>\n<ul>\n<li>Indicador de calor residual para saber si la superficie a\u00fan est\u00e1 caliente.<\/li>\n<\/ul>\n<\/li>\n<\/ul>\n<ul>\n<li><strong>Grill:<\/strong> No<\/li>\n<li><strong>Plancha:<\/strong> No<\/li>\n<li><strong>Niveles de Potencia (El\u00e9ctrico):<\/strong> 9<\/li>\n<li><strong>Display:<\/strong> S\u00ed<\/li>\n<li><strong>Parrilla Reversible:<\/strong> No<\/li>\n<li><strong>Indicador de Calor Residual:<\/strong> S\u00ed<\/li>\n<li><strong>Temporizador:<\/strong> S\u00ed<\/li>\n<li><strong>Apagado Programable:<\/strong> S\u00ed<\/li>\n<li><strong>V\u00e1lvula de Seguridad (Corte de Gas):<\/strong> No<\/li>\n<li><strong>Reignici\u00f3n Autom\u00e1tica de Quemadores:<\/strong> No<\/li>\n<li><strong>Bloqueo de Seguridad:<\/strong> S\u00ed<\/li>\n<li><strong>Voltaje \/ Frecuencia:<\/strong> 220 V, 60 Hz<\/li>\n<li><strong>N\u00famero de Quemadores:<\/strong> 4<\/li>\n<li><strong>Empotre:<\/strong> Sobreponer<\/li>\n<li><strong>Perillas:<\/strong> Frontal<\/li>\n<\/ul>\n","protected":false},"excerpt":{"rendered":"<p>Descripci\u00f3n: Versatilidad de Cocci\u00f3n: Su dise\u00f1o permite colocar recipientes de diferentes tama\u00f1os. Control Digital: Permite seleccionar todas sus potencias a trav\u00e9s de su display t\u00e1ctil. Seguridad: Indicador de calor residual para saber si la superficie a\u00fan est\u00e1 caliente. Grill: No Plancha: No Niveles de Potencia (El\u00e9ctrico): 9 Display: S\u00ed Parrilla Reversible: No Indicador de Calor [&hellip;]<\/p>\n","protected":false},"featured_media":4885,"template":"","meta":{"_joinchat":[]},"product_brand":[],"product_cat":[161,29,189,192],"product_tag":[117],"class_list":{"0":"post-3553","1":"product","2":"type-product","3":"status-publish","4":"has-post-thumbnail","6":"product_cat-best-selling-products","7":"product_cat-coccion","8":"product_cat-parrillas","9":"product_cat-parrillas-electricas","10":"product_tag-ge-profile","12":"first","13":"outofstock","14":"shipping-taxable","15":"purchasable","16":"product-type-simple"},"_links":{"self":[{"href":"https:\/\/eltiosam.com.mx\/index.php\/wp-json\/wp\/v2\/product\/3553","targetHints":{"allow":["GET"]}}],"collection":[{"href":"https:\/\/eltiosam.com.mx\/index.php\/wp-json\/wp\/v2\/product"}],"about":[{"href":"https:\/\/eltiosam.com.mx\/index.php\/wp-json\/wp\/v2\/types\/product"}],"wp:featuredmedia":[{"embeddable":true,"href":"https:\/\/eltiosam.com.mx\/index.php\/wp-json\/wp\/v2\/media\/4885"}],"wp:attachment":[{"href":"https:\/\/eltiosam.com.mx\/index.php\/wp-json\/wp\/v2\/media?parent=3553"}],"wp:term":[{"taxonomy":"product_brand","embeddable":true,"href":"https:\/\/eltiosam.com.mx\/index.php\/wp-json\/wp\/v2\/product_brand?post=3553"},{"taxonomy":"product_cat","embeddable":true,"href":"https:\/\/eltiosam.com.mx\/index.php\/wp-json\/wp\/v2\/product_cat?post=3553"},{"taxonomy":"product_tag","embeddable":true,"href":"https:\/\/eltiosam.com.mx\/index.php\/wp-json\/wp\/v2\/product_tag?post=3553"}],"curies":[{"name":"wp","href":"https:\/\/api.w.org\/{rel}","templated":true}]}}