{"id":3512,"date":"2023-11-15T21:52:47","date_gmt":"2023-11-15T21:52:47","guid":{"rendered":"http:\/\/eltiosam.com.mx\/index.php\/product\/parrilla-de-induccion-teka-80cm-izf-88700-mst-bk\/"},"modified":"2024-02-22T21:42:45","modified_gmt":"2024-02-22T21:42:45","slug":"parrilla-de-induccion-teka-80cm-izf-88700-mst-bk","status":"publish","type":"product","link":"https:\/\/eltiosam.com.mx\/index.php\/product\/parrilla-de-induccion-teka-80cm-izf-88700-mst-bk\/","title":{"rendered":"PARRILLA DE INDUCCION TEKA 80CM IZF 88700 MST BK"},"content":{"rendered":"<p><b>Descripci\u00f3n:<\/b><\/p>\n<p>Esta parrilla de inducci\u00f3n Teka ofrece m\u00faltiples funciones, opciones de potencia y zonas de cocci\u00f3n para adaptarse a diversas necesidades culinarias. Adem\u00e1s, su dise\u00f1o elegante y las caracter\u00edsticas de seguridad la convierten en una opci\u00f3n atractiva para la cocina moderna.<\/p>\n","protected":false},"excerpt":{"rendered":"<p>Descripci\u00f3n: Esta parrilla de inducci\u00f3n Teka ofrece m\u00faltiples funciones, opciones de potencia y zonas de cocci\u00f3n para adaptarse a diversas necesidades culinarias. Adem\u00e1s, su dise\u00f1o elegante y las caracter\u00edsticas de seguridad la convierten en una opci\u00f3n atractiva para la cocina moderna.<\/p>\n","protected":false},"featured_media":4875,"template":"","meta":{"_joinchat":[]},"product_brand":[],"product_cat":[161,29,189,191],"product_tag":[106],"class_list":{"0":"post-3512","1":"product","2":"type-product","3":"status-publish","4":"has-post-thumbnail","6":"product_cat-best-selling-products","7":"product_cat-coccion","8":"product_cat-parrillas","9":"product_cat-parrillas-de-induccion","10":"product_tag-teka","12":"first","13":"outofstock","14":"shipping-taxable","15":"purchasable","16":"product-type-simple"},"_links":{"self":[{"href":"https:\/\/eltiosam.com.mx\/index.php\/wp-json\/wp\/v2\/product\/3512","targetHints":{"allow":["GET"]}}],"collection":[{"href":"https:\/\/eltiosam.com.mx\/index.php\/wp-json\/wp\/v2\/product"}],"about":[{"href":"https:\/\/eltiosam.com.mx\/index.php\/wp-json\/wp\/v2\/types\/product"}],"wp:featuredmedia":[{"embeddable":true,"href":"https:\/\/eltiosam.com.mx\/index.php\/wp-json\/wp\/v2\/media\/4875"}],"wp:attachment":[{"href":"https:\/\/eltiosam.com.mx\/index.php\/wp-json\/wp\/v2\/media?parent=3512"}],"wp:term":[{"taxonomy":"product_brand","embeddable":true,"href":"https:\/\/eltiosam.com.mx\/index.php\/wp-json\/wp\/v2\/product_brand?post=3512"},{"taxonomy":"product_cat","embeddable":true,"href":"https:\/\/eltiosam.com.mx\/index.php\/wp-json\/wp\/v2\/product_cat?post=3512"},{"taxonomy":"product_tag","embeddable":true,"href":"https:\/\/eltiosam.com.mx\/index.php\/wp-json\/wp\/v2\/product_tag?post=3512"}],"curies":[{"name":"wp","href":"https:\/\/api.w.org\/{rel}","templated":true}]}}