{"id":3463,"date":"2023-11-15T21:52:41","date_gmt":"2023-11-15T21:52:41","guid":{"rendered":"http:\/\/eltiosam.com.mx\/index.php\/product\/parrilla-de-induccion-ge-profile-30cm-pvp3021\/"},"modified":"2025-01-15T21:00:32","modified_gmt":"2025-01-15T21:00:32","slug":"parrilla-de-induccion-ge-profile-30cm-pvp3021","status":"publish","type":"product","link":"https:\/\/eltiosam.com.mx\/index.php\/product\/parrilla-de-induccion-ge-profile-30cm-pvp3021\/","title":{"rendered":"PARRILLA DE EL\u00c9CTRICA GE PROFILE 30CM PVP3021"},"content":{"rendered":"<p>Descripci\u00f3n:<\/p>\n<p>Esta parrilla de inducci\u00f3n de GE Profile destaca por su dise\u00f1o empotrable, control digital y numerosas funciones que facilitan su uso y garantizan la seguridad. La presencia de la tecnolog\u00eda de vitrocer\u00e1mica proporciona una cocci\u00f3n eficiente y precisa. Con dos quemadores, esta parrilla es ideal para quienes buscan un equipo compacto y potente para su cocina.<\/p>\n","protected":false},"excerpt":{"rendered":"<p>Descripci\u00f3n: Esta parrilla de inducci\u00f3n de GE Profile destaca por su dise\u00f1o empotrable, control digital y numerosas funciones que facilitan su uso y garantizan la seguridad. La presencia de la tecnolog\u00eda de vitrocer\u00e1mica proporciona una cocci\u00f3n eficiente y precisa. Con dos quemadores, esta parrilla es ideal para quienes buscan un equipo compacto y potente para [&hellip;]<\/p>\n","protected":false},"featured_media":4867,"template":"","meta":{"_joinchat":[]},"product_brand":[],"product_cat":[161,29,189,191],"product_tag":[117],"class_list":{"0":"post-3463","1":"product","2":"type-product","3":"status-publish","4":"has-post-thumbnail","6":"product_cat-best-selling-products","7":"product_cat-coccion","8":"product_cat-parrillas","9":"product_cat-parrillas-de-induccion","10":"product_tag-ge-profile","12":"first","13":"outofstock","14":"shipping-taxable","15":"purchasable","16":"product-type-simple"},"_links":{"self":[{"href":"https:\/\/eltiosam.com.mx\/index.php\/wp-json\/wp\/v2\/product\/3463","targetHints":{"allow":["GET"]}}],"collection":[{"href":"https:\/\/eltiosam.com.mx\/index.php\/wp-json\/wp\/v2\/product"}],"about":[{"href":"https:\/\/eltiosam.com.mx\/index.php\/wp-json\/wp\/v2\/types\/product"}],"wp:featuredmedia":[{"embeddable":true,"href":"https:\/\/eltiosam.com.mx\/index.php\/wp-json\/wp\/v2\/media\/4867"}],"wp:attachment":[{"href":"https:\/\/eltiosam.com.mx\/index.php\/wp-json\/wp\/v2\/media?parent=3463"}],"wp:term":[{"taxonomy":"product_brand","embeddable":true,"href":"https:\/\/eltiosam.com.mx\/index.php\/wp-json\/wp\/v2\/product_brand?post=3463"},{"taxonomy":"product_cat","embeddable":true,"href":"https:\/\/eltiosam.com.mx\/index.php\/wp-json\/wp\/v2\/product_cat?post=3463"},{"taxonomy":"product_tag","embeddable":true,"href":"https:\/\/eltiosam.com.mx\/index.php\/wp-json\/wp\/v2\/product_tag?post=3463"}],"curies":[{"name":"wp","href":"https:\/\/api.w.org\/{rel}","templated":true}]}}