{"id":3394,"date":"2023-11-15T21:52:33","date_gmt":"2023-11-15T21:52:33","guid":{"rendered":"http:\/\/eltiosam.com.mx\/index.php\/product\/parrilla-de-gas-teka-86cm-efx90-1-5g-ai-al-dr-ci-left\/"},"modified":"2024-02-22T21:12:01","modified_gmt":"2024-02-22T21:12:01","slug":"parrilla-de-gas-teka-86cm-efx90-1-5g-ai-al-dr-ci-left","status":"publish","type":"product","link":"https:\/\/eltiosam.com.mx\/index.php\/product\/parrilla-de-gas-teka-86cm-efx90-1-5g-ai-al-dr-ci-left\/","title":{"rendered":"PARRILLA DE GAS TEKA 86CM EFX90.1 5G AI AL DR CI LEFT"},"content":{"rendered":"<h3>Descripci\u00f3n:<\/p>\n<p><span style=\"font-size: 16px;\">Esta parrilla es ideal para quienes buscan una soluci\u00f3n de cocci\u00f3n eficiente y vers\u00e1til, proporcionando una gran potencia y una variedad de quemadores para diferentes estilos de cocci\u00f3n. Su dise\u00f1o elegante y moderno la hace una adici\u00f3n est\u00e9tica a cualquier cocina contempor\u00e1nea\u200b\u200b\u200b\u200b\u200b\u200b.<\/span><\/h3>\n","protected":false},"excerpt":{"rendered":"<p>Descripci\u00f3n: Esta parrilla es ideal para quienes buscan una soluci\u00f3n de cocci\u00f3n eficiente y vers\u00e1til, proporcionando una gran potencia y una variedad de quemadores para diferentes estilos de cocci\u00f3n. Su dise\u00f1o elegante y moderno la hace una adici\u00f3n est\u00e9tica a cualquier cocina contempor\u00e1nea\u200b\u200b\u200b\u200b\u200b\u200b.<\/p>\n","protected":false},"featured_media":4854,"template":"","meta":{"_joinchat":[]},"product_brand":[],"product_cat":[161,29,189,190],"product_tag":[106],"class_list":{"0":"post-3394","1":"product","2":"type-product","3":"status-publish","4":"has-post-thumbnail","6":"product_cat-best-selling-products","7":"product_cat-coccion","8":"product_cat-parrillas","9":"product_cat-parrillas-de-gas","10":"product_tag-teka","12":"first","13":"outofstock","14":"shipping-taxable","15":"purchasable","16":"product-type-simple"},"_links":{"self":[{"href":"https:\/\/eltiosam.com.mx\/index.php\/wp-json\/wp\/v2\/product\/3394","targetHints":{"allow":["GET"]}}],"collection":[{"href":"https:\/\/eltiosam.com.mx\/index.php\/wp-json\/wp\/v2\/product"}],"about":[{"href":"https:\/\/eltiosam.com.mx\/index.php\/wp-json\/wp\/v2\/types\/product"}],"wp:featuredmedia":[{"embeddable":true,"href":"https:\/\/eltiosam.com.mx\/index.php\/wp-json\/wp\/v2\/media\/4854"}],"wp:attachment":[{"href":"https:\/\/eltiosam.com.mx\/index.php\/wp-json\/wp\/v2\/media?parent=3394"}],"wp:term":[{"taxonomy":"product_brand","embeddable":true,"href":"https:\/\/eltiosam.com.mx\/index.php\/wp-json\/wp\/v2\/product_brand?post=3394"},{"taxonomy":"product_cat","embeddable":true,"href":"https:\/\/eltiosam.com.mx\/index.php\/wp-json\/wp\/v2\/product_cat?post=3394"},{"taxonomy":"product_tag","embeddable":true,"href":"https:\/\/eltiosam.com.mx\/index.php\/wp-json\/wp\/v2\/product_tag?post=3394"}],"curies":[{"name":"wp","href":"https:\/\/api.w.org\/{rel}","templated":true}]}}