{"id":3353,"date":"2023-11-15T21:52:27","date_gmt":"2023-11-15T21:52:27","guid":{"rendered":"http:\/\/eltiosam.com.mx\/index.php\/product\/parrilla-de-gas-teka-60cm-gzc-64320-xbb\/"},"modified":"2024-02-22T01:12:41","modified_gmt":"2024-02-22T01:12:41","slug":"parrilla-de-gas-teka-60cm-gzc-64320-xbb","status":"publish","type":"product","link":"https:\/\/eltiosam.com.mx\/index.php\/product\/parrilla-de-gas-teka-60cm-gzc-64320-xbb\/","title":{"rendered":"PARRILLA DE GAS TEKA 60CM GZC 64320 XBB"},"content":{"rendered":"<div class=\"flex-1 overflow-hidden\">\n<div class=\"react-scroll-to-bottom--css-wmwzm-79elbk h-full\">\n<div class=\"react-scroll-to-bottom--css-wmwzm-1n7m0yu\">\n<div class=\"flex flex-col pb-9 text-sm\">\n<div class=\"w-full text-token-text-primary\" data-testid=\"conversation-turn-39\">\n<div class=\"px-4 py-2 justify-center text-base md:gap-6 m-auto\">\n<div class=\"flex flex-1 text-base mx-auto gap-3 md:px-5 lg:px-1 xl:px-5 md:max-w-3xl lg:max-w-[40rem] xl:max-w-[48rem] group final-completion\">\n<div class=\"relative flex w-full flex-col lg:w-[calc(100%-115px)] agent-turn\">\n<div class=\"flex-col gap-1 md:gap-3\">\n<div class=\"flex flex-grow flex-col max-w-full\">\n<div class=\"min-h-[20px] text-message flex flex-col items-start gap-3 whitespace-pre-wrap break-words [.text-message+&amp;]:mt-5 overflow-x-auto\" data-message-author-role=\"assistant\" data-message-id=\"6a59dad8-8757-4ef4-9db2-9bf7eb5fe780\">\n<div class=\"markdown prose w-full break-words dark:prose-invert light\">\n<p><b>Descripci\u00f3n:<\/b><\/p>\n<p>Estos detalles proporcionan informaci\u00f3n detallada sobre las especificaciones t\u00e9cnicas, el dise\u00f1o y las funcionalidades de la parrilla de gas TEKA 60CM GZC 64320 XBB, ofreciendo un control preciso de la llama, seguridad integrada y opciones vers\u00e1tiles de cocci\u00f3n.<\/p>\n<\/div>\n<\/div>\n<\/div>\n<\/div>\n<\/div>\n<\/div>\n<\/div>\n<\/div>\n<\/div>\n<\/div>\n<\/div>\n<\/div>\n","protected":false},"excerpt":{"rendered":"<p>Descripci\u00f3n: Estos detalles proporcionan informaci\u00f3n detallada sobre las especificaciones t\u00e9cnicas, el dise\u00f1o y las funcionalidades de la parrilla de gas TEKA 60CM GZC 64320 XBB, ofreciendo un control preciso de la llama, seguridad integrada y opciones vers\u00e1tiles de cocci\u00f3n.<\/p>\n","protected":false},"featured_media":4844,"template":"","meta":{"_joinchat":[]},"product_brand":[],"product_cat":[161,29,189,190],"product_tag":[106],"class_list":{"0":"post-3353","1":"product","2":"type-product","3":"status-publish","4":"has-post-thumbnail","6":"product_cat-best-selling-products","7":"product_cat-coccion","8":"product_cat-parrillas","9":"product_cat-parrillas-de-gas","10":"product_tag-teka","12":"first","13":"outofstock","14":"shipping-taxable","15":"purchasable","16":"product-type-simple"},"_links":{"self":[{"href":"https:\/\/eltiosam.com.mx\/index.php\/wp-json\/wp\/v2\/product\/3353","targetHints":{"allow":["GET"]}}],"collection":[{"href":"https:\/\/eltiosam.com.mx\/index.php\/wp-json\/wp\/v2\/product"}],"about":[{"href":"https:\/\/eltiosam.com.mx\/index.php\/wp-json\/wp\/v2\/types\/product"}],"wp:featuredmedia":[{"embeddable":true,"href":"https:\/\/eltiosam.com.mx\/index.php\/wp-json\/wp\/v2\/media\/4844"}],"wp:attachment":[{"href":"https:\/\/eltiosam.com.mx\/index.php\/wp-json\/wp\/v2\/media?parent=3353"}],"wp:term":[{"taxonomy":"product_brand","embeddable":true,"href":"https:\/\/eltiosam.com.mx\/index.php\/wp-json\/wp\/v2\/product_brand?post=3353"},{"taxonomy":"product_cat","embeddable":true,"href":"https:\/\/eltiosam.com.mx\/index.php\/wp-json\/wp\/v2\/product_cat?post=3353"},{"taxonomy":"product_tag","embeddable":true,"href":"https:\/\/eltiosam.com.mx\/index.php\/wp-json\/wp\/v2\/product_tag?post=3353"}],"curies":[{"name":"wp","href":"https:\/\/api.w.org\/{rel}","templated":true}]}}